{"id":2613,"date":"2022-11-16T09:50:35","date_gmt":"2022-11-16T08:50:35","guid":{"rendered":"https:\/\/guideservice.dk\/?page_id=2613"},"modified":"2025-01-15T09:56:16","modified_gmt":"2025-01-15T08:56:16","slug":"story-trail","status":"publish","type":"page","link":"https:\/\/guideservice.dk\/en\/story-trail\/","title":{"rendered":"Story Trail"},"content":{"rendered":"<p><em><strong>\u2013 guided tours with a learning and team work approach<\/strong>.<\/em><\/p>\n\n\n\n<p><strong><em>The guide introduces and starts your Story Trail. The participants will be asked to explore and go searching for answers to specific questions. Questions small groups can solve in a specific area about specific topics and thus get to know the area, the city, the neighborhood and the subject well. Learning enhances the experience and involves each participant who also share what is learned with the whole group. A good base for longer learning.<\/em><\/strong><\/p>\n\n\n\n<p><em><strong>A story trail is particularly suitable for schools and students, larger groups of friends and as team building.<\/strong><\/em><\/p>\n\n\n\r\n  \r\n      \r\n        \r\n            <? \/\/ List ?> \r\n\r\n                        <div>\r\n\r\n            \r\n            <div class=\"filter-container\" id=\"tourListOverview\">\r\n                <ul class=\"filter\">\r\n                  <li class=\"filter__item\">\r\n                    <input class=\"input\" id=\"tourInput\" type=\"search\" placeholder=\"Where do you want to go?\">\r\n                    <div class=\"btn\">\r\n                      <button class=\"btn__link\" data-uri=\"https:\/\/guideservice.dk\/wp-content\/themes\/nisarg-child\" data-locale=\"2\" data-endpoint=\"https:\/\/www.guideservicedanmark.dk\/custom\/0000000585\/api\/items\/?userKey=&#038;case=searchTour&#038;extraKeyword=visitstorytrail&#038;languageId=2&#038;country=all\" id=\"tourSearch\">Search<\/button>\r\n                    <\/div>\r\n                  <\/li>\r\n                  <li class=\"filter__item filter__item--last\">\r\n                    <span>Sort:<\/span>\r\n                    <span>\r\n                      <select class=\"input\" id=\"tourSort\">\r\n                        <option value=\"\">Random<\/option>\r\n                        <option value=\"name\">Alfabetisk<\/option>\r\n                        <option value=\"video\">Video<\/option>\r\n                      <\/select>\r\n                    <\/span>\r\n                  <\/li>\r\n                <\/ul>\r\n              <\/div>\r\n\r\n              <ul id=\"tourList\" class=\"tour-container\" data-tag=\"visitstorytrail\">\r\n\r\n                \r\n                  \r\n                  <li class=\"tour-container__item tour-container__item--large\">\r\n                    <a class=\"tour\" href=\"https:\/\/guideservice.dk\/en\/tour\/street-art-in-aalborg\">\r\n                      <section class=\"tour__content\">\r\n\r\n                        <h2 class=\"tour__title tour__title--large\">Street Art in Aalborg &#8211; a Story Trail<\/h2>\r\n\r\n                        <div class=\"tour__desc tour__desc--full\">\r\n                          <p><strong>This Story Trail would demonstraste what street art can be and how it is used in Aalborg!<\/strong><\/p><p>This StoryTrail is a fun group activity for anybody interested in exploring Aalborg on their own and learning about contemporary street art and youth culture in Aalborg.&nbsp; Also suitable as a teambuilding exercise for adults or for schools from 7. grade.<\/p><p><strong><\/strong>In Aalborg there are more than 70 different examples of Street Art on walls and houses. Most of the paintings are in the city center so you can see most of them during a 2 hour walking tour.<br \/>This Story Trail starts with a presentation of Aalborg, beginning with a &frac12; hour walk near the harbor.&nbsp;The participants will then be divided into groups. Each group will get an assignment, their own map and a route to follow. The will go on and explore an area whith different examples of street art. For each route there will be different tasks, based on the pictures the participants will find while exploring their particular area.<\/p><p>After completing the tasks, we discuss the findings, the meaning and value of strret art and evaluate the experience of exploring it like this, in an unknown city.<\/p><p><\/p>                        <\/div>\r\n\r\n                        <ul class=\"tour__langs\">\r\n                                                      <li>\r\n                              <button class=\"__gotoTourBtn\" href=\"https:\/\/guideservice.dk\/tur\/street-art-story-trail-i-aalborg#TRPLINKPROCESSED\">\r\n                                <img decoding=\"async\" title=\"Danish\" src=\"https:\/\/www.guideservicedanmark.dk\/grafik\/flag\/dk.gif\" alt=\"Danish\">\r\n                              <\/button>\r\n                            <\/li>\r\n                                                      <li>\r\n                              <button class=\"__gotoTourBtn\" href=\"https:\/\/guideservice.dk\/en\/tur\/street-art-in-aalborg#TRPLINKPROCESSED\">\r\n                                <img decoding=\"async\" title=\"English\" src=\"https:\/\/www.guideservicedanmark.dk\/grafik\/flag\/eng.gif\" alt=\"English\">\r\n                              <\/button>\r\n                            <\/li>\r\n                                                      <li>\r\n                              <button class=\"__gotoTourBtn\" href=\"https:\/\/guideservice.dk\/de\/tur\/story-trail-street-art-und-aalborg#TRPLINKPROCESSED\">\r\n                                <img decoding=\"async\" title=\"German\" src=\"https:\/\/www.guideservicedanmark.dk\/grafik\/flag\/de.gif\" alt=\"German\">\r\n                              <\/button>\r\n                            <\/li>\r\n                                                  <\/ul>\r\n\r\n                      <\/section>\r\n\r\n                      <figure class=\"tour__preview\">\r\n                        <img decoding=\"async\" onerror=\"this.src='https:\/\/guideservice.dk\/wp-content\/themes\/nisarg-child\/images\/gfx\/no-img-tour.png'\" src=\"https:\/\/www.guideservicedanmark.dk\/fil.asp?id=4008&#038;kode=onqKP4NDDF&#038;imageResize=1&#038;size=600x600\" alt=\"Aalborg\">\r\n                      <\/figure>\r\n\r\n                    <\/a>\r\n                  <\/li>\r\n\r\n                              <\/ul>\r\n            <\/div>\r\n\r\n            \r\n          \r\n\r\n      \r\n    \r\n\r\n\n\n\n<h2 class=\"wp-block-heading\">The cores of story trails are:<\/h2>\n\n\n\n<p>Story trails are particularly suitable for team building and as group work for students - probably mostly the oldest grades.<\/p>\n\n\n\n<p>The group is divided into smaller teams, which are given their own questions to answer. The guide initiates and is available throughout the process and provides a final sum up.<\/p>\n\n\n\n<p>All information is online. No paper maps or worksheets will be destroyed in rain.<\/p>\n\n\n\n<p>The cores of story trails are:<\/p>\n\n\n\n<ul class=\"wp-block-list\">\n<li>structure and questions online<\/li>\n\n\n\n<li>active participation in learning<\/li>\n\n\n\n<li>discover and experience an area with a focus on a specific topic<\/li>\n\n\n\n<li>find the story and explanations yourself with guidance<\/li>\n\n\n\n<li>joint discussion and reflection as follow up<\/li>\n\n\n\n<li>we collect all answers so that the participants can continue to work on the topic after the story trail<\/li>\n<\/ul>\n\n\n\n<h2 class=\"wp-block-heading\">Where can you find story trails<\/h2>\n\n\n\n<p>We can offer story trails both in Denmark and in a number of cities in Europe. Regard a story trail as a new type of guided tour, where the participants are far more active than on ordinary guided tours. Here they have to work with each other to answer questions. <\/p>\n\n\n\n<p>Story trails have been developed primarily for students. Therefore we focus on the cities where we know study trips go to. You can find story trails in:<\/p>\n\n\n\n<ul class=\"wp-block-list\">\n<li>Amsterdam<\/li>\n\n\n\n<li>Groningen<\/li>\n\n\n\n<li>Paris<\/li>\n\n\n\n<li>Berlin<\/li>\n\n\n\n<li>Copenhagen<\/li>\n\n\n\n<li>Aalborg<\/li>\n<\/ul>\n\n\n\n<h2 class=\"wp-block-heading\">Suitable for schools<\/h2>\n\n\n\n<p>A story trail is a good suggestion for students that are focusing on at trip with a subject, students who must learn to research information themselves and learn to act in a new place. Therefore, they are best for the slightly older grades. We have had 8.-10. grades on story trails and also grades 10.-13 (high school students).<\/p>\n\n\n\n<p>If you have younger students we suggest that more teachers accompany them, so that we can safely divide the students into smaller groups, each accompanied by a teacher.<\/p>\n\n\n\n<p>On a story trail the participants uncover, discover, observe and discuss a specific topic. The guide sets the framework and is available throughout the tour. <\/p>\n\n\n\n<p>The participants themselves must discover, learn and explore a district and the questions linked to the specific topic. These are provided by the guide.<\/p>\n\n\n\n<p>On a story trail the participants get that much deeper in their understanding of a district, of how life is lived in the area and explore the district independently.<\/p>\n\n\n\n<p>A story trail is learning in an active  way while having fun.<\/p>\n\n\n\n<h2 class=\"wp-block-heading\">Your students' very own story trail<\/h2>\n\n\n\n<p>If you want help creating your very own story trail, we are happy to assist. We have the experience, we have all the relevant coding in place, so you can quickly reach your goal. <\/p>\n\n\n\n<p>Your very own story trail can be for your class, which has to work on a topic that we have not yet covered or which is going on a trip to a new city. Contact us and we will help you get started. Maybe you even want to become a story trail guide with us?<\/p>\n\n\n\n<h2 class=\"wp-block-heading\">Who can participate<\/h2>\n\n\n\n<p>Story trails are suitable for students in the older grades. For younger grades, more teachers must be accompanying, so it is safe for all students to be out in a new city. As the teacher who knows the class, you are the one who assesses whether the students should have support in the groups. Both the guide and you as a teacher can help the students while on the story trail when needed.<\/p>\n\n\n\n<h2 class=\"wp-block-heading\">Story trails are team work<\/h2>\n\n\n\n<p>A story trail is suitable as team building. The focus is on cooperation while enjoying a good and mutual experience in a new city.<\/p>\n\n\n\n<p>If you are an association on tour, a large family or a company it is a good way to be together while you get to know an area or subject. <\/p>\n\n\n\n<p>Team building in the calm, learning way. Together you gain new knowledge, a good experience and, not least, a good shared memory.<\/p>\n\n\n\n<p><strong> We are happy to say go on a story trail with Guide Service Denmark and our learning guide service.<\/strong><\/p>","protected":false},"excerpt":{"rendered":"<p>&#8211; byvandringer med en l\u00e6rende og samarbejdende tilgang. Guiden s\u00e6tter din story trail i gang. Deltagerne skal i sm\u00e5 grupper l\u00f8se sp\u00e6ndende og lokale opgaver og l\u00e6rer dermed omr\u00e5det, byen, kvarteret og emnet godt at kende. At l\u00e6re er at opleve og engagere sig og bagefter at dele oplevelserne med hele gruppen. Det hj\u00e6lper og er stof til l\u00e6ngere l\u00e6ring. En story trail er s\u00e6rlig velegnet for skoleklasser, st\u00f8rre vennegrupper og som team building. Essensen af en story trail Story&#8230;<\/p>\n<p class=\"read-more\"><a class=\"btn btn-default\" href=\"https:\/\/guideservice.dk\/en\/story-trail\/\"> Read More<span class=\"screen-reader-text\">  Read More<\/span><\/a><\/p>","protected":false},"author":1,"featured_media":0,"parent":0,"menu_order":0,"comment_status":"closed","ping_status":"closed","template":"template-parts\/tour-showTours.php","meta":{"om_disable_all_campaigns":false,"inline_featured_image":false,"_uag_custom_page_level_css":"","_monsterinsights_skip_tracking":false,"_monsterinsights_sitenote_active":false,"_monsterinsights_sitenote_note":"","_monsterinsights_sitenote_category":0,"_uf_show_specific_survey":0,"_uf_disable_surveys":false,"footnotes":""},"class_list":["post-2613","page","type-page","status-publish","hentry"],"acf":[],"aioseo_notices":[],"uagb_featured_image_src":{"full":false,"thumbnail":false,"medium":false,"medium_large":false,"large":false,"1536x1536":false,"2048x2048":false,"trp-custom-language-flag":false,"post-thumbnail":false,"nisarg-full-width":false,"sow-carousel-default":false},"uagb_author_info":{"display_name":"admin","author_link":"https:\/\/guideservice.dk\/en\/author\/jonas_ba13346b\/"},"uagb_comment_info":0,"uagb_excerpt":"&#8211; byvandringer med en l\u00e6rende og samarbejdende tilgang. Guiden s\u00e6tter din story trail i gang. Deltagerne skal i sm\u00e5 grupper l\u00f8se sp\u00e6ndende og lokale opgaver og l\u00e6rer dermed omr\u00e5det, byen, kvarteret og emnet godt at kende. At l\u00e6re er at opleve og engagere sig og bagefter at dele oplevelserne med hele gruppen. Det hj\u00e6lper og&hellip;","_links":{"self":[{"href":"https:\/\/guideservice.dk\/en\/wp-json\/wp\/v2\/pages\/2613","targetHints":{"allow":["GET"]}}],"collection":[{"href":"https:\/\/guideservice.dk\/en\/wp-json\/wp\/v2\/pages"}],"about":[{"href":"https:\/\/guideservice.dk\/en\/wp-json\/wp\/v2\/types\/page"}],"author":[{"embeddable":true,"href":"https:\/\/guideservice.dk\/en\/wp-json\/wp\/v2\/users\/1"}],"replies":[{"embeddable":true,"href":"https:\/\/guideservice.dk\/en\/wp-json\/wp\/v2\/comments?post=2613"}],"version-history":[{"count":24,"href":"https:\/\/guideservice.dk\/en\/wp-json\/wp\/v2\/pages\/2613\/revisions"}],"predecessor-version":[{"id":8279,"href":"https:\/\/guideservice.dk\/en\/wp-json\/wp\/v2\/pages\/2613\/revisions\/8279"}],"wp:attachment":[{"href":"https:\/\/guideservice.dk\/en\/wp-json\/wp\/v2\/media?parent=2613"}],"curies":[{"name":"wp","href":"https:\/\/api.w.org\/{rel}","templated":true}]}}