{"id":2642,"date":"2022-11-16T11:41:09","date_gmt":"2022-11-16T10:41:09","guid":{"rendered":"https:\/\/guideservice.dk\/?page_id=2642"},"modified":"2025-12-09T11:04:56","modified_gmt":"2025-12-09T10:04:56","slug":"booking","status":"publish","type":"page","link":"https:\/\/guideservice.dk\/en\/booking\/","title":{"rendered":"Booking"},"content":{"rendered":"<p><strong><em>Guide Service Denmark's freelance guides and tour managers are based all over Denmark. Therefore we  can provide you with locally based guides regardless of where in Denmark you request a guide, tour manager or a lecturer for your clients<\/em><\/strong>.<\/p>\n\n\n\n<p>It is easy for you to book your guided tour and guide yourself. All you need to do is enter the correct information and the booking starts automatically. For a small fee, you can also ask us to type the information for you, but there is no need for that.<\/p>\n\n\n\r\n    <div class=\"quote-wrapper\">\r\n        <figure class=\"quote-block\">\r\n                            <div class=\"quote-block__img\">\r\n                    <img decoding=\"async\" src=\"https:\/\/guideservice.dk\/wp-content\/uploads\/2023\/03\/family-klitmoeller-denmark-8_\u00a9-Mette-Johnsen-scaled.jpg\" alt=\"\">\r\n                                            <p class=\"quote-block__copyright\">\u00a9  Mette Johnsen<\/p>\r\n                                    <\/div>\r\n            \r\n            <q class=\"title quote-block__quote\">We are happy to assist<\/q>\r\n            <figcaption class=\"quote-block__author\">Guide Service Denmark<\/figcaption>\r\n        <\/figure>\r\n\r\n                    <div class=\"btn btn--left btn--column btn--no-top\">\r\n                            <a class=\"btn__link btn__link--green\" href=\"https:\/\/guideservice.dk\/en\/tour\/turforslag-booking-manager-mette-berrig\/?booking=2052&#038;q=\/turforslag-booking-manager-mette-berrig\">Book right away<\/a>\r\n                            <a class=\"btn__link\" href=\"https:\/\/guideservice.dk\/en\/find-a-guide\/\">Find your guide<\/a>\r\n                            <a class=\"btn__link\" href=\"https:\/\/guideservice.dk\/en\/find-your-guided-tour\/\">Find your tour<\/a>\r\n                            <a class=\"btn__link\" href=\"https:\/\/www.guideservicedanmark.dk\/rejseledere-hele-verden\/?1=1&#038;doit=1\">Find your tour manager<\/a>\r\n                        <\/div>\r\n            <\/div>\r\n    \r\n\n\n\n<div style=\"height:63px\" aria-hidden=\"true\" class=\"wp-block-spacer\"><\/div>\n\n\n\n<p>You can either choose a specific guide or you can let us find out who's available on the day. If you choose the latter, you will be allowed to choose between those who are available. We endeavor\u00a0to find 2-3 guides for you to choose from. You can of course also let us choose who to guide you.<\/p>\n\n\n\n<p>You find rates on the individual profile and in our&nbsp;<strong><a href=\"https:\/\/guideservice.dk\/en\/terms-of-agreement\/\">according to our Terms of Agreement<\/a><\/strong>.<\/p>\n\n\n\n<p>We send your booking confirmation and invoice for you to know what has been agreed, and you pay directly to Guide Service Denmark. We settle with the guide | tour manager when the assignment has been completed.<\/p>\n\n\n\n<p class=\"translation-block\">Her kan du se alle <a href=\"https:\/\/guideservice.dk\/en\/find-a-guide\/\" target=\"_self\">guider i hele Danmark<\/a> og her ser du alle deres <a href=\"https:\/\/guideservice.dk\/en\/find-your-guided-tour\/\" target=\"_self\">turbeskrivelser<\/a>. Du kan booke dem alle direkte via profilen \u2013 eller du kan lade os finde ud af, hvem der er ledig p\u00e5 dagen, som du s\u00e5 kan v\u00e6lge iblandt.<\/p>\n\n\n\n<p class=\"translation-block\">If you <a href=\"https:\/\/www.guideservicedanmark.dk\/book-right-here\" target=\"_blank\" rel=\"noreferrer noopener\">book here<\/a>, your request goes to all the guides and you will get a list of who's available on the day, for you to make a choice - or you can let us choose on your behalf.<\/p>\n\n\n\n<p class=\"translation-block\">If you want a tour manager, this is where to find <a href=\"https:\/\/www.guideservicedanmark.dk\/search-tour-managers-for-denmark-and-scandinavia\/\" target=\"_self\">tour managers<\/a> to check which tour managers are available on your dates so you can then choose the right one for your guests. We provide Danish speaking tour managers throughout the world and in Scandinavia tour managers in a number of languages.<\/p>\n\n\n\n<div class=\"wp-block-buttons is-layout-flex wp-block-buttons-is-layout-flex\"><\/div>\n\n\n<ul class=\"main-selector main-selector--sub main-selector--sub__home\">\r\n\r\n    \r\n                      \r\n          <li class=\"main-selector__item\">\r\n\r\n            \r\n            <a href=\"https:\/\/guideservice.dk\/en\/terms-of-agreement\/\" class=\"selector-category translation-block\">\r\n              <h3 class=\"selector-category__title\">Terms of Agreement<\/h3>\n\n              <figure class=\"selector-category__background\">\n                <img src=\"https:\/\/guideservice.dk\/wp-content\/uploads\/2022\/11\/aftalevilkaar-1024x685.jpg\" alt=\"\">\n              <\/figure>\r\n            <\/a>\r\n          <\/li>\r\n          \r\n                      \r\n          <li class=\"main-selector__item\">\r\n\r\n            \r\n            <a href=\"https:\/\/guideservice.dk\/en\/accomodation\/\" class=\"selector-category translation-block\">\r\n              <h3 class=\"selector-category__title\">Accommodation<\/h3>\n\n              <figure class=\"selector-category__background\">\n                <img src=\"https:\/\/guideservice.dk\/wp-content\/uploads\/2023\/02\/Overnatning.png\" alt=\"\">\n              <\/figure>\r\n            <\/a>\r\n          <\/li>\r\n          \r\n                      \r\n          <li class=\"main-selector__item\">\r\n\r\n            \r\n            <a href=\"https:\/\/guideservice.dk\/en\/pay-invoice\/\" class=\"selector-category translation-block\">\r\n              <h3 class=\"selector-category__title\">Pay Invoice<\/h3>\n\n              <figure class=\"selector-category__background\">\n                <img src=\"https:\/\/guideservice.dk\/wp-content\/uploads\/2023\/02\/Betal-faktura-1-1024x1024.png\" alt=\"\">\n              <\/figure>\r\n            <\/a>\r\n          <\/li>\r\n          \r\n                                          \r\n        \r\n<\/ul>","protected":false},"excerpt":{"rendered":"<p>Guideservice Danmarks freelance guider og rejseledere er fordelt over hele Danmark. Derfor kan du booke guidede ture lokalt, uanset hvor i Danmark du vil p\u00e5 opdagelse. Du kan ogs\u00e5 booke foredrag hvis du vil lidt mere i dybden. Du kan selv booke din guidede tur og guide. Du skal blot taste de rigtige oplysninger i vores booking, s\u00e5 g\u00e5r det hele i gang. Mod et lille gebyr, kan du ogs\u00e5 bede os p\u00e5 kontoret taste oplysningerne for dig. Du kan&#8230;<\/p>\n<p class=\"read-more\"><a class=\"btn btn-default\" href=\"https:\/\/guideservice.dk\/en\/booking\/\"> Read More<span class=\"screen-reader-text\">  Read More<\/span><\/a><\/p>","protected":false},"author":1,"featured_media":0,"parent":0,"menu_order":0,"comment_status":"closed","ping_status":"closed","template":"template-parts\/page-home.php","meta":{"om_disable_all_campaigns":false,"inline_featured_image":false,"_uag_custom_page_level_css":"","_monsterinsights_skip_tracking":false,"_monsterinsights_sitenote_active":false,"_monsterinsights_sitenote_note":"","_monsterinsights_sitenote_category":0,"_uf_show_specific_survey":0,"_uf_disable_surveys":false,"footnotes":""},"class_list":["post-2642","page","type-page","status-publish","hentry"],"acf":[],"aioseo_notices":[],"uagb_featured_image_src":{"full":false,"thumbnail":false,"medium":false,"medium_large":false,"large":false,"1536x1536":false,"2048x2048":false,"trp-custom-language-flag":false,"post-thumbnail":false,"nisarg-full-width":false,"sow-carousel-default":false},"uagb_author_info":{"display_name":"admin","author_link":"https:\/\/guideservice.dk\/en\/author\/jonas_ba13346b\/"},"uagb_comment_info":0,"uagb_excerpt":"Guideservice Danmarks freelance guider og rejseledere er fordelt over hele Danmark. Derfor kan du booke guidede ture lokalt, uanset hvor i Danmark du vil p\u00e5 opdagelse. Du kan ogs\u00e5 booke foredrag hvis du vil lidt mere i dybden. Du kan selv booke din guidede tur og guide. Du skal blot taste de rigtige oplysninger i&hellip;","_links":{"self":[{"href":"https:\/\/guideservice.dk\/en\/wp-json\/wp\/v2\/pages\/2642","targetHints":{"allow":["GET"]}}],"collection":[{"href":"https:\/\/guideservice.dk\/en\/wp-json\/wp\/v2\/pages"}],"about":[{"href":"https:\/\/guideservice.dk\/en\/wp-json\/wp\/v2\/types\/page"}],"author":[{"embeddable":true,"href":"https:\/\/guideservice.dk\/en\/wp-json\/wp\/v2\/users\/1"}],"replies":[{"embeddable":true,"href":"https:\/\/guideservice.dk\/en\/wp-json\/wp\/v2\/comments?post=2642"}],"version-history":[{"count":129,"href":"https:\/\/guideservice.dk\/en\/wp-json\/wp\/v2\/pages\/2642\/revisions"}],"predecessor-version":[{"id":9079,"href":"https:\/\/guideservice.dk\/en\/wp-json\/wp\/v2\/pages\/2642\/revisions\/9079"}],"wp:attachment":[{"href":"https:\/\/guideservice.dk\/en\/wp-json\/wp\/v2\/media?parent=2642"}],"curies":[{"name":"wp","href":"https:\/\/api.w.org\/{rel}","templated":true}]}}