{"id":3186,"date":"2023-01-04T08:52:19","date_gmt":"2023-01-04T07:52:19","guid":{"rendered":"https:\/\/guideservice.dk\/?page_id=3186"},"modified":"2026-02-24T12:36:24","modified_gmt":"2026-02-24T11:36:24","slug":"tag-ekstraordinaert-paa-rejse-med-guideservice-danmark","status":"publish","type":"page","link":"https:\/\/guideservice.dk\/en\/tag-ekstraordinaert-paa-rejse-med-guideservice-danmark\/","title":{"rendered":"Tag ekstraordin\u00e6rt p\u00e5 rejse med Guideservice Danmark"},"content":{"rendered":"<p>Du kan kun komme p\u00e5 rejse med Guideservice\u00b7Danmark, n\u00e5r vi laver rejselederkursus. Vi vil nemlig rigtig gerne give vore kursister en realistisk praktikrejse. G\u00e6ster p\u00e5 kursisternes praktikrejse til Harzen hj\u00e6lper vore kommende rejseledere til at blive rigtig gode. Rejsen tilbydes til&nbsp;st\u00e6rkt reduceret pris, da rejselederne alle er under uddannelse.<\/p>\n\n\n\n<p style=\"font-size:25px\"><strong>Praktikrejsen for\u00e5ret 2026 g\u00e5r til Tyskland<\/strong><\/p>\n\n\n\n<p>4 dage til Tyskland med afrejse d. 9. april 2026.<\/p>\n\n\n\n<p>Rejsens detaljer er planlagt af rejselederkursisterne, da det at overskue en rejse, er en vigtig detalje til at g\u00f8re rejsen god og vellykket for deltagerne. Det skal ogs\u00e5 \u00f8ves.<\/p>\n\n\n\n<p>Rejsen har overskriften:<\/p>\n\n\n\n<h3 class=\"wp-block-heading\">Bjergtagende Harzen<\/h3>\n\n\n\n<p><strong>Her f\u00e5r du muligheden for at komme med Panter Rejser til det sk\u00f8nne Harzen med dejlig <strong>natur og masser af historie<\/strong><\/strong><\/p>\n\n\n\n<p>Praktikrejsen kombinerer en smuk tur til Harzen, der samtidig fungerer som en uddannelsesrejse for kommende rejseledere. I l\u00f8bet af turen vil rejselederrollen bliver delt mellem flere kursister p\u00e5 holdet. Mette som uddanner kursisterne fra Guideservice Danmark vil ogs\u00e5 deltage i rejsen og give dem kyndig vejledning. Dette betyder p\u00e5 den positive side, at man som g\u00e6st vil have adgang til flere personer, som man kan s\u00f8ge r\u00e5d hos under rejsen.<\/p>\n\n\n\n<figure class=\"wp-block-image size-medium is-style-default\"><img loading=\"lazy\" decoding=\"async\" width=\"200\" height=\"300\" src=\"https:\/\/guideservice.dk\/wp-content\/uploads\/2024\/01\/anastasia-s-Phf6P1Crygg-unsplash-200x300.jpg\" alt=\"\" class=\"wp-image-7885\" srcset=\"https:\/\/guideservice.dk\/wp-content\/uploads\/2024\/01\/anastasia-s-Phf6P1Crygg-unsplash-200x300.jpg 200w, https:\/\/guideservice.dk\/wp-content\/uploads\/2024\/01\/anastasia-s-Phf6P1Crygg-unsplash-683x1024.jpg 683w, https:\/\/guideservice.dk\/wp-content\/uploads\/2024\/01\/anastasia-s-Phf6P1Crygg-unsplash-768x1152.jpg 768w, https:\/\/guideservice.dk\/wp-content\/uploads\/2024\/01\/anastasia-s-Phf6P1Crygg-unsplash-1024x1536.jpg 1024w, https:\/\/guideservice.dk\/wp-content\/uploads\/2024\/01\/anastasia-s-Phf6P1Crygg-unsplash-1365x2048.jpg 1365w, https:\/\/guideservice.dk\/wp-content\/uploads\/2024\/01\/anastasia-s-Phf6P1Crygg-unsplash-8x12.jpg 8w, https:\/\/guideservice.dk\/wp-content\/uploads\/2024\/01\/anastasia-s-Phf6P1Crygg-unsplash-180x270.jpg 180w, https:\/\/guideservice.dk\/wp-content\/uploads\/2024\/01\/anastasia-s-Phf6P1Crygg-unsplash-scaled.jpg 1707w\" sizes=\"auto, (max-width: 200px) 100vw, 200px\" \/><\/figure>\n\n\n\n<p><strong>Rejseplan<\/strong><\/p>\n\n\n\n<ul class=\"wp-block-list\">\n<li><strong>1. DAG: VIA L\u00dcNEBURG TIL HARZEN<\/strong><\/li>\n\n\n\n<li><strong>2. DAG: GOSLAR OG S\u00d8LVMINEN RAMMELSBERG<\/strong><\/li>\n\n\n\n<li><strong>3. DAG: WERNIGERODE, BLOKSBJERG, THALE OG SMUK NATUR<\/strong><\/li>\n\n\n\n<li><strong>4. DAG: HJEMREJSE<\/strong><\/li>\n<\/ul>\n\n\n\n<p>Det detaljeret rejseprogram, pris og booking af rejsen finder du hos vores samarbejdspartner <a href=\"https:\/\/www.panterrejser.dk\/harzen-hahnenklee\" target=\"_blank\" rel=\"noopener\" title=\"Panter Rejser\">Panter Rejser<\/a><\/p>\n\n\n\n<div class=\"wp-block-uagb-buttons uagb-buttons__outer-wrap uagb-btn__default-btn uagb-btn-tablet__default-btn uagb-btn-mobile__default-btn uagb-block-7c85b160\"><div class=\"uagb-buttons__wrap uagb-buttons-layout-wrap\">\n<div class=\"wp-block-uagb-buttons-child uagb-buttons__outer-wrap uagb-block-f305165a wp-block-button\"><div class=\"uagb-button__wrapper\"><a class=\"uagb-buttons-repeater wp-block-button__link\" aria-label=\"\" href=\"https:\/\/guideservice.dk\/wp-content\/uploads\/2025\/12\/Harzen-Hahnenklee-_-4-dage-_-Busrejse-_-Rejseleder-_-Se-her.pdf\" rel=\"follow noopener\" target=\"_blank\" role=\"button\"><div class=\"uagb-button__link\">Se program her<\/div><\/a><\/div><\/div>\n<\/div><\/div>\n\n\n\n<div class=\"wp-block-group\"><div class=\"wp-block-group__inner-container is-layout-constrained wp-block-group-is-layout-constrained\">\n<p class=\"has-white-color has-text-color has-link-color wp-elements-7e4ac651328708ea719ac0894fa30934\">.<\/p>\n\n\n\n<p>Du er ogs\u00e5 velkommen til at give vores kontor et ring, hvis du vil vide mere om deltagelsen.<\/p>\n\n\n\n<p class=\"has-medium-font-size\"><strong>Her kan du se lidt billeder fra tidligere praktikrejser<\/strong><\/p>\n<\/div><\/div>\n\n\n\t\t\t\t\t<div\n\t\t\t\t\t\tclass=\"wp-block-uagb-image-gallery uagb-block-e809661e\"\n\t\t\t\t\t\tstyle=\"\"\n\t\t\t\t\t>\n\t\t\t\t\t\t\t\t\t\t\t<div class=\"spectra-image-gallery spectra-image-gallery__layout--grid spectra-image-gallery__layout--grid-col-3 spectra-image-gallery__layout--grid-col-tab-3 spectra-image-gallery__layout--grid-col-mob-2\">\n\t\t\t\t\t\t\t\t\t\t\t<div class='spectra-image-gallery__media-wrapper' data-spectra-gallery-image-id='3188' tabindex=\"0\">\n\t\t\t\t\t\t\t<div class=\"spectra-image-gallery__media spectra-image-gallery__media--grid\">\n\t\t\t\t<picture>\n\t\t\t\t\t<source media=\"(min-width: 1024px)\" srcset=\"https:\/\/guideservice.dk\/wp-content\/uploads\/2023\/01\/rejselederkursus-3.jpg\">\n\t\t\t\t\t<source media=\"(min-width: 768px)\" srcset=\"https:\/\/guideservice.dk\/wp-content\/uploads\/2023\/01\/rejselederkursus-3.jpg\">\n\t\t\t\t\t<img decoding=\"async\" class=\"spectra-image-gallery__media-thumbnail spectra-image-gallery__media-thumbnail--grid\" src=\"https:\/\/guideservice.dk\/wp-content\/uploads\/2023\/01\/rejselederkursus-3-300x225.jpg\" alt=\"\" loading=\"lazy\" \/>\n\t\t\t\t<\/picture>\n\t\t\t\t<div class=\"spectra-image-gallery__media-thumbnail-blurrer\"><\/div>\n\t\t\t\t\t\t\t\t\t\t\t<div class=\"spectra-image-gallery__media-thumbnail-caption-wrapper spectra-image-gallery__media-thumbnail-caption-wrapper--overlay\">\n\t\t\t\t\t\t\t\t\t\t\t<div class=\"spectra-image-gallery__media-thumbnail-caption spectra-image-gallery__media-thumbnail-caption--overlay\">\n\t\t\t\t\tS\u00e5 skal vi afsted\t\t\t\t<\/div>\n\t\t\t\t\t\t\t\t\t\t<\/div>\n\t\t\t\t\t\t\t\t\t<\/div>\n\t\t\t\t\t\t<\/div>\n\t\t\t\t\t\t<div class='spectra-image-gallery__media-wrapper' data-spectra-gallery-image-id='7893' tabindex=\"0\">\n\t\t\t\t\t\t\t<div class=\"spectra-image-gallery__media spectra-image-gallery__media--grid\">\n\t\t\t\t<picture>\n\t\t\t\t\t<source media=\"(min-width: 1024px)\" srcset=\"https:\/\/guideservice.dk\/wp-content\/uploads\/2024\/01\/anastasia-s-Phf6P1Crygg-unsplash-2-683x1024.jpg\">\n\t\t\t\t\t<source media=\"(min-width: 768px)\" srcset=\"https:\/\/guideservice.dk\/wp-content\/uploads\/2024\/01\/anastasia-s-Phf6P1Crygg-unsplash-2-683x1024.jpg\">\n\t\t\t\t\t<img decoding=\"async\" class=\"spectra-image-gallery__media-thumbnail spectra-image-gallery__media-thumbnail--grid\" src=\"https:\/\/guideservice.dk\/wp-content\/uploads\/2024\/01\/anastasia-s-Phf6P1Crygg-unsplash-2-200x300.jpg\" alt=\"\" loading=\"lazy\" \/>\n\t\t\t\t<\/picture>\n\t\t\t\t<div class=\"spectra-image-gallery__media-thumbnail-blurrer\"><\/div>\n\t\t\t\t\t\t\t\t\t\t\t<div class=\"spectra-image-gallery__media-thumbnail-caption-wrapper spectra-image-gallery__media-thumbnail-caption-wrapper--overlay\">\n\t\t\t\t\t\t\t\t\t\t\t<div class=\"spectra-image-gallery__media-thumbnail-caption spectra-image-gallery__media-thumbnail-caption--overlay\">\n\t\t\t\t\tSmukke byer\t\t\t\t<\/div>\n\t\t\t\t\t\t\t\t\t\t<\/div>\n\t\t\t\t\t\t\t\t\t<\/div>\n\t\t\t\t\t\t<\/div>\n\t\t\t\t\t\t<div class='spectra-image-gallery__media-wrapper' data-spectra-gallery-image-id='2510' tabindex=\"0\">\n\t\t\t\t\t\t\t<div class=\"spectra-image-gallery__media spectra-image-gallery__media--grid\">\n\t\t\t\t<picture>\n\t\t\t\t\t<source media=\"(min-width: 1024px)\" srcset=\"https:\/\/guideservice.dk\/wp-content\/uploads\/2022\/10\/Nordfyn.jpg\">\n\t\t\t\t\t<source media=\"(min-width: 768px)\" srcset=\"https:\/\/guideservice.dk\/wp-content\/uploads\/2022\/10\/Nordfyn.jpg\">\n\t\t\t\t\t<img decoding=\"async\" class=\"spectra-image-gallery__media-thumbnail spectra-image-gallery__media-thumbnail--grid\" src=\"https:\/\/guideservice.dk\/wp-content\/uploads\/2022\/10\/Nordfyn-300x169.jpg\" alt=\"\" loading=\"lazy\" \/>\n\t\t\t\t<\/picture>\n\t\t\t\t<div class=\"spectra-image-gallery__media-thumbnail-blurrer\"><\/div>\n\t\t\t\t\t\t\t\t\t\t\t<div class=\"spectra-image-gallery__media-thumbnail-caption-wrapper spectra-image-gallery__media-thumbnail-caption-wrapper--overlay\">\n\t\t\t\t\t\t\t\t\t\t\t<div class=\"spectra-image-gallery__media-thumbnail-caption spectra-image-gallery__media-thumbnail-caption--overlay\">\n\t\t\t\t\tSk\u00f8nne udsigter\t\t\t\t<\/div>\n\t\t\t\t\t\t\t\t\t\t<\/div>\n\t\t\t\t\t\t\t\t\t<\/div>\n\t\t\t\t\t\t<\/div>\n\t\t\t\t\t\t<div class='spectra-image-gallery__media-wrapper' data-spectra-gallery-image-id='7894' tabindex=\"0\">\n\t\t\t\t\t\t\t<div class=\"spectra-image-gallery__media spectra-image-gallery__media--grid\">\n\t\t\t\t<picture>\n\t\t\t\t\t<source media=\"(min-width: 1024px)\" srcset=\"https:\/\/guideservice.dk\/wp-content\/uploads\/2024\/01\/timothy-kindrachuk-ZDZ1kzD3WcI-unsplash-1-682x1024.jpg\">\n\t\t\t\t\t<source media=\"(min-width: 768px)\" srcset=\"https:\/\/guideservice.dk\/wp-content\/uploads\/2024\/01\/timothy-kindrachuk-ZDZ1kzD3WcI-unsplash-1-682x1024.jpg\">\n\t\t\t\t\t<img decoding=\"async\" class=\"spectra-image-gallery__media-thumbnail spectra-image-gallery__media-thumbnail--grid\" src=\"https:\/\/guideservice.dk\/wp-content\/uploads\/2024\/01\/timothy-kindrachuk-ZDZ1kzD3WcI-unsplash-1-200x300.jpg\" alt=\"\" loading=\"lazy\" \/>\n\t\t\t\t<\/picture>\n\t\t\t\t<div class=\"spectra-image-gallery__media-thumbnail-blurrer\"><\/div>\n\t\t\t\t\t\t\t\t\t\t\t<div class=\"spectra-image-gallery__media-thumbnail-caption-wrapper spectra-image-gallery__media-thumbnail-caption-wrapper--overlay\">\n\t\t\t\t\t\t\t\t\t\t\t<div class=\"spectra-image-gallery__media-thumbnail-caption spectra-image-gallery__media-thumbnail-caption--overlay\">\n\t\t\t\t\tR\u00e5dhuset Wernigerode\t\t\t\t<\/div>\n\t\t\t\t\t\t\t\t\t\t<\/div>\n\t\t\t\t\t\t\t\t\t<\/div>\n\t\t\t\t\t\t<\/div>\n\t\t\t\t\t\t<div class='spectra-image-gallery__media-wrapper' data-spectra-gallery-image-id='1894' tabindex=\"0\">\n\t\t\t\t\t\t\t<div class=\"spectra-image-gallery__media spectra-image-gallery__media--grid\">\n\t\t\t\t<picture>\n\t\t\t\t\t<source media=\"(min-width: 1024px)\" srcset=\"https:\/\/guideservice.dk\/wp-content\/uploads\/2022\/02\/sarah-noltner-pM9397vVfFY-unsplash-scaled-1-683x1024.jpg\">\n\t\t\t\t\t<source media=\"(min-width: 768px)\" srcset=\"https:\/\/guideservice.dk\/wp-content\/uploads\/2022\/02\/sarah-noltner-pM9397vVfFY-unsplash-scaled-1-683x1024.jpg\">\n\t\t\t\t\t<img decoding=\"async\" class=\"spectra-image-gallery__media-thumbnail spectra-image-gallery__media-thumbnail--grid\" src=\"https:\/\/guideservice.dk\/wp-content\/uploads\/2022\/02\/sarah-noltner-pM9397vVfFY-unsplash-scaled-1-200x300.jpg\" alt=\"Rejsende i en turistbus\" loading=\"lazy\" \/>\n\t\t\t\t<\/picture>\n\t\t\t\t<div class=\"spectra-image-gallery__media-thumbnail-blurrer\"><\/div>\n\t\t\t\t\t\t\t\t\t\t\t<div class=\"spectra-image-gallery__media-thumbnail-caption-wrapper spectra-image-gallery__media-thumbnail-caption-wrapper--overlay\">\n\t\t\t\t\t\t\t\t\t\t\t<div class=\"spectra-image-gallery__media-thumbnail-caption spectra-image-gallery__media-thumbnail-caption--overlay\">\n\t\t\t\t\tVigtigt at arbejde p\u00e5 en god stemning i bussen og at alle skal have det rart. Omsorg for gruppe kan m\u00e5ske v\u00e6re med teambuilding metoder?\t\t\t\t<\/div>\n\t\t\t\t\t\t\t\t\t\t<\/div>\n\t\t\t\t\t\t\t\t\t<\/div>\n\t\t\t\t\t\t<\/div>\n\t\t\t\t\t\t<div class='spectra-image-gallery__media-wrapper' data-spectra-gallery-image-id='7895' tabindex=\"0\">\n\t\t\t\t\t\t\t<div class=\"spectra-image-gallery__media spectra-image-gallery__media--grid\">\n\t\t\t\t<picture>\n\t\t\t\t\t<source media=\"(min-width: 1024px)\" srcset=\"https:\/\/guideservice.dk\/wp-content\/uploads\/2024\/01\/timothy-kindrachuk-VtncCRHfqxo-unsplash-682x1024.jpg\">\n\t\t\t\t\t<source media=\"(min-width: 768px)\" srcset=\"https:\/\/guideservice.dk\/wp-content\/uploads\/2024\/01\/timothy-kindrachuk-VtncCRHfqxo-unsplash-682x1024.jpg\">\n\t\t\t\t\t<img decoding=\"async\" class=\"spectra-image-gallery__media-thumbnail spectra-image-gallery__media-thumbnail--grid\" src=\"https:\/\/guideservice.dk\/wp-content\/uploads\/2024\/01\/timothy-kindrachuk-VtncCRHfqxo-unsplash-200x300.jpg\" alt=\"\" loading=\"lazy\" \/>\n\t\t\t\t<\/picture>\n\t\t\t\t<div class=\"spectra-image-gallery__media-thumbnail-blurrer\"><\/div>\n\t\t\t\t\t\t\t\t\t\t\t<div class=\"spectra-image-gallery__media-thumbnail-caption-wrapper spectra-image-gallery__media-thumbnail-caption-wrapper--overlay\">\n\t\t\t\t\t\t\t\t\t\t\t<div class=\"spectra-image-gallery__media-thumbnail-caption spectra-image-gallery__media-thumbnail-caption--overlay\">\n\t\t\t\t\tHerlige Harzen\t\t\t\t<\/div>\n\t\t\t\t\t\t\t\t\t\t<\/div>\n\t\t\t\t\t\t\t\t\t<\/div>\n\t\t\t\t\t\t<\/div>\n\t\t\t\t\t\t<div class='spectra-image-gallery__media-wrapper' data-spectra-gallery-image-id='8138' tabindex=\"0\">\n\t\t\t\t\t\t\t<div class=\"spectra-image-gallery__media spectra-image-gallery__media--grid\">\n\t\t\t\t<picture>\n\t\t\t\t\t<source media=\"(min-width: 1024px)\" srcset=\"https:\/\/guideservice.dk\/wp-content\/uploads\/2024\/04\/RL-kursus-2-scaled-e1754903607391-933x1024.jpg\">\n\t\t\t\t\t<source media=\"(min-width: 768px)\" srcset=\"https:\/\/guideservice.dk\/wp-content\/uploads\/2024\/04\/RL-kursus-2-scaled-e1754903607391-933x1024.jpg\">\n\t\t\t\t\t<img decoding=\"async\" class=\"spectra-image-gallery__media-thumbnail spectra-image-gallery__media-thumbnail--grid\" src=\"https:\/\/guideservice.dk\/wp-content\/uploads\/2024\/04\/RL-kursus-2-scaled-e1754903607391-273x300.jpg\" alt=\"Kursus-deltagere\" loading=\"lazy\" \/>\n\t\t\t\t<\/picture>\n\t\t\t\t<div class=\"spectra-image-gallery__media-thumbnail-blurrer\"><\/div>\n\t\t\t\t\t\t\t\t\t\t\t<div class=\"spectra-image-gallery__media-thumbnail-caption-wrapper spectra-image-gallery__media-thumbnail-caption-wrapper--overlay\">\n\t\t\t\t\t\t\t\t\t\t\t<div class=\"spectra-image-gallery__media-thumbnail-caption spectra-image-gallery__media-thumbnail-caption--overlay\">\n\t\t\t\t\tTilmeld dig Rejselederuddannelsen\t\t\t\t<\/div>\n\t\t\t\t\t\t\t\t\t\t<\/div>\n\t\t\t\t\t\t\t\t\t<\/div>\n\t\t\t\t\t\t<\/div>\n\t\t\t\t\t\t<div class='spectra-image-gallery__media-wrapper' data-spectra-gallery-image-id='2334' tabindex=\"0\">\n\t\t\t\t\t\t\t<div class=\"spectra-image-gallery__media spectra-image-gallery__media--grid\">\n\t\t\t\t<picture>\n\t\t\t\t\t<source media=\"(min-width: 1024px)\" srcset=\"https:\/\/guideservice.dk\/wp-content\/uploads\/2022\/10\/Job-hos-GDK-1024x768.jpg\">\n\t\t\t\t\t<source media=\"(min-width: 768px)\" srcset=\"https:\/\/guideservice.dk\/wp-content\/uploads\/2022\/10\/Job-hos-GDK-1024x768.jpg\">\n\t\t\t\t\t<img decoding=\"async\" class=\"spectra-image-gallery__media-thumbnail spectra-image-gallery__media-thumbnail--grid\" src=\"https:\/\/guideservice.dk\/wp-content\/uploads\/2022\/10\/Job-hos-GDK-300x225.jpg\" alt=\"\" loading=\"lazy\" \/>\n\t\t\t\t<\/picture>\n\t\t\t\t<div class=\"spectra-image-gallery__media-thumbnail-blurrer\"><\/div>\n\t\t\t\t\t\t\t\t\t\t\t<div class=\"spectra-image-gallery__media-thumbnail-caption-wrapper spectra-image-gallery__media-thumbnail-caption-wrapper--overlay\">\n\t\t\t\t\t\t\t\t\t\t\t<div class=\"spectra-image-gallery__media-thumbnail-caption spectra-image-gallery__media-thumbnail-caption--overlay\">\n\t\t\t\t\tOg der guides\t\t\t\t<\/div>\n\t\t\t\t\t\t\t\t\t\t<\/div>\n\t\t\t\t\t\t\t\t\t<\/div>\n\t\t\t\t\t\t<\/div>\n\t\t\t\t\t\t<div class='spectra-image-gallery__media-wrapper' data-spectra-gallery-image-id='8135' tabindex=\"0\">\n\t\t\t\t\t\t\t<div class=\"spectra-image-gallery__media spectra-image-gallery__media--grid\">\n\t\t\t\t<picture>\n\t\t\t\t\t<source media=\"(min-width: 1024px)\" srcset=\"https:\/\/guideservice.dk\/wp-content\/uploads\/2024\/04\/RL-kursus-1024x768.jpg\">\n\t\t\t\t\t<source media=\"(min-width: 768px)\" srcset=\"https:\/\/guideservice.dk\/wp-content\/uploads\/2024\/04\/RL-kursus-1024x768.jpg\">\n\t\t\t\t\t<img decoding=\"async\" class=\"spectra-image-gallery__media-thumbnail spectra-image-gallery__media-thumbnail--grid\" src=\"https:\/\/guideservice.dk\/wp-content\/uploads\/2024\/04\/RL-kursus-300x225.jpg\" alt=\"\" loading=\"lazy\" \/>\n\t\t\t\t<\/picture>\n\t\t\t\t<div class=\"spectra-image-gallery__media-thumbnail-blurrer\"><\/div>\n\t\t\t\t\t\t\t\t\t\t\t<div class=\"spectra-image-gallery__media-thumbnail-caption-wrapper spectra-image-gallery__media-thumbnail-caption-wrapper--overlay\">\n\t\t\t\t\t\t\t\t\t\t\t<div class=\"spectra-image-gallery__media-thumbnail-caption spectra-image-gallery__media-thumbnail-caption--overlay\">\n\t\t\t\t\tDer guides\t\t\t\t<\/div>\n\t\t\t\t\t\t\t\t\t\t<\/div>\n\t\t\t\t\t\t\t\t\t<\/div>\n\t\t\t\t\t\t<\/div>\n\t\t\t\t\t\t\t\t\t\t<\/div>\n\t\t\t\t\t\t\t\t\t\t\t\t\t\t\t\t\t\t<\/div>\n\t\t\t\t\t\t\t\t\t\n\n\n<p>Du kommer med bag facaden og f\u00e5r lov til at s\u00e6tte dit pr\u00e6g p\u00e5 rejsen. Som g\u00e6st p\u00e5 denne rejse vil du opleve kommende rejseledere \u00f8ve sig i alle aspekter af en rejseleders arbejdsomr\u00e5der. Du kan bidrage ved at give feedback til kursisterne, n\u00e5r de \u00f8ver sig.<\/p>\n\n\n\n<p>At v\u00e6re rejseleder er sjovt, l\u00e6rerigt, inspirerende, udfordrende &#8230;&#8230;&#8230;. og rigtig meget andet &#8211; ikke mindst et h\u00e5ndv\u00e6rk, der skal l\u00e6res. G\u00e6ster p\u00e5 den afsluttende praktikrejse er en stor hj\u00e6lp for kursisterne &#8211; og det er sjovt at v\u00e6re g\u00e6st p\u00e5 denne anderledes rejse.<\/p>\n\n\n\n<p><strong>Har du lyst til at blive en del af kursisternes l\u00e6ringsproces, s\u00e5 meld dig til denne anderledes rejse. Du vil helt sikkert f\u00e5 masser af viden og oplevelser med hjem.<\/strong><\/p>\n\n\n\n<p>Du skal blot v\u00e6re dig selv, stille alle de sp\u00f8rgsm\u00e5l, du normalt villle stille en rejseleder og meget gerne give rejselederne udfordringer undervejs. Denne rejse er en del af kursisternes l\u00e6reproces og jo flere, udfordringer de f\u00e5r, jo mere l\u00e6rer de.<\/p>\n\n\n\n<div class=\"wp-block-buttons is-nowrap is-layout-flex wp-container-core-buttons-is-layout-ad2f72ca wp-block-buttons-is-layout-flex\">\n<div class=\"wp-block-button\"><a class=\"wp-block-button__link has-white-color has-guidevervice-blaa-background-color has-text-color has-background has-link-color wp-element-button\" href=\"https:\/\/www.panterrejser.dk\/harzen-hahnenklee\" style=\"border-radius:51px\">K\u00f8b g\u00e6stebilletter her<\/a><\/div>\n<\/div>\n\n\n\n<p><\/p>","protected":false},"excerpt":{"rendered":"<p>Du kan kun komme p\u00e5 rejse med Guideservice\u00b7Danmark, n\u00e5r vi laver rejselederkursus. Vi vil nemlig rigtig gerne give vore kursister en realistisk praktikrejse. G\u00e6ster p\u00e5 kursisternes praktikrejse til Harzen hj\u00e6lper vore kommende rejseledere til at blive rigtig gode. Rejsen tilbydes til&nbsp;st\u00e6rkt reduceret pris, da rejselederne alle er under uddannelse. Praktikrejsen for\u00e5ret 2026 g\u00e5r til Tyskland 4 dage til Tyskland med afrejse d. 9. april 2026. Rejsens detaljer er planlagt af rejselederkursisterne, da det at overskue en rejse, er en vigtig&#8230;<\/p>\n<p class=\"read-more\"><a class=\"btn btn-default\" href=\"https:\/\/guideservice.dk\/en\/tag-ekstraordinaert-paa-rejse-med-guideservice-danmark\/\"> Read More<span class=\"screen-reader-text\">  Read More<\/span><\/a><\/p>","protected":false},"author":1,"featured_media":0,"parent":0,"menu_order":0,"comment_status":"closed","ping_status":"closed","template":"template-parts\/page-home.php","meta":{"om_disable_all_campaigns":false,"inline_featured_image":false,"_uag_custom_page_level_css":"","_monsterinsights_skip_tracking":false,"_monsterinsights_sitenote_active":false,"_monsterinsights_sitenote_note":"","_monsterinsights_sitenote_category":0,"_uf_show_specific_survey":0,"_uf_disable_surveys":false,"footnotes":""},"class_list":["post-3186","page","type-page","status-publish","hentry"],"acf":[],"aioseo_notices":[],"uagb_featured_image_src":{"full":false,"thumbnail":false,"medium":false,"medium_large":false,"large":false,"1536x1536":false,"2048x2048":false,"trp-custom-language-flag":false,"post-thumbnail":false,"nisarg-full-width":false,"sow-carousel-default":false},"uagb_author_info":{"display_name":"admin","author_link":"https:\/\/guideservice.dk\/en\/author\/jonas_ba13346b\/"},"uagb_comment_info":0,"uagb_excerpt":"Du kan kun komme p\u00e5 rejse med Guideservice\u00b7Danmark, n\u00e5r vi laver rejselederkursus. Vi vil nemlig rigtig gerne give vore kursister en realistisk praktikrejse. G\u00e6ster p\u00e5 kursisternes praktikrejse til Harzen hj\u00e6lper vore kommende rejseledere til at blive rigtig gode. Rejsen tilbydes til&nbsp;st\u00e6rkt reduceret pris, da rejselederne alle er under uddannelse. Praktikrejsen for\u00e5ret 2026 g\u00e5r til Tyskland&hellip;","_links":{"self":[{"href":"https:\/\/guideservice.dk\/en\/wp-json\/wp\/v2\/pages\/3186","targetHints":{"allow":["GET"]}}],"collection":[{"href":"https:\/\/guideservice.dk\/en\/wp-json\/wp\/v2\/pages"}],"about":[{"href":"https:\/\/guideservice.dk\/en\/wp-json\/wp\/v2\/types\/page"}],"author":[{"embeddable":true,"href":"https:\/\/guideservice.dk\/en\/wp-json\/wp\/v2\/users\/1"}],"replies":[{"embeddable":true,"href":"https:\/\/guideservice.dk\/en\/wp-json\/wp\/v2\/comments?post=3186"}],"version-history":[{"count":33,"href":"https:\/\/guideservice.dk\/en\/wp-json\/wp\/v2\/pages\/3186\/revisions"}],"predecessor-version":[{"id":9712,"href":"https:\/\/guideservice.dk\/en\/wp-json\/wp\/v2\/pages\/3186\/revisions\/9712"}],"wp:attachment":[{"href":"https:\/\/guideservice.dk\/en\/wp-json\/wp\/v2\/media?parent=3186"}],"curies":[{"name":"wp","href":"https:\/\/api.w.org\/{rel}","templated":true}]}}