{"id":3230,"date":"2023-01-04T09:28:07","date_gmt":"2023-01-04T08:28:07","guid":{"rendered":"https:\/\/guideservice.dk\/?page_id=3230"},"modified":"2026-03-30T10:59:41","modified_gmt":"2026-03-30T08:59:41","slug":"vi-uddanner","status":"publish","type":"page","link":"https:\/\/guideservice.dk\/en\/vi-uddanner\/","title":{"rendered":"G\u00f8r din passion til dit erhverv: Bliv professionel guide og rejseleder"},"content":{"rendered":"<div class=\"wp-block-uagb-container uagb-block-ombsalbe alignfull uagb-is-root-container\"><div class=\"uagb-container-inner-blocks-wrap\">\n<div class=\"wp-block-uagb-info-box uagb-block-d67902db uagb-infobox__content-wrap  uagb-infobox-icon-above-title uagb-infobox-image-valign-top\"><div class=\"uagb-ifb-content\"><div class=\"uagb-ifb-title-wrap\"><p class=\"uagb-ifb-title\"><strong>Dr\u00f8mmer du om at formidle historier, der begejstrer? Elsker du at tage lederskabet og skabe tryghed for rejsende, mens verden er jeres legeplads?<\/strong><\/p><\/div><p class=\"uagb-ifb-desc\">Hos Guideservice Danmark uddanner vi nogle af landets dygtigste formidlere. Uanset om du vil v\u00e6re den lokale ekspert, der v\u00e6kker historien til live p\u00e5 en byvandring, eller rejselederen, der f\u00f8lger g\u00e6sterne hele vejen gennem Europa, starter din rejse her.<\/p><\/div><\/div>\n\n\n\n<div class=\"wp-block-uagb-container uagb-block-rusbr9rr\">\n<div class=\"wp-block-uagb-image alignleft uagb-block-bhhyaa1l wp-block-uagb-image--layout-default wp-block-uagb-image--effect-static wp-block-uagb-image--align-left\"><figure class=\"wp-block-uagb-image__figure\"><img decoding=\"async\" srcset=\"https:\/\/guideservice.dk\/wp-content\/uploads\/2022\/10\/Nordfyn.jpg ,https:\/\/guideservice.dk\/wp-content\/uploads\/2022\/10\/Nordfyn.jpg 780w, https:\/\/guideservice.dk\/wp-content\/uploads\/2022\/10\/Nordfyn.jpg 360w\" sizes=\"auto, (max-width: 480px) 150px\" src=\"https:\/\/guideservice.dk\/wp-content\/uploads\/2022\/10\/Nordfyn.jpg\" alt=\"\" class=\"uag-image-2510\" width=\"282\" height=\"370\" title=\"North Funen\" loading=\"lazy\" role=\"img\"\/><\/figure><\/div>\n\n\n\n<div class=\"wp-block-uagb-image alignleft uagb-block-t2kgmvcx wp-block-uagb-image--layout-default wp-block-uagb-image--effect-static wp-block-uagb-image--align-left\"><figure class=\"wp-block-uagb-image__figure\"><img decoding=\"async\"  sizes=\"auto, (max-width: 480px) 150px\" src=\"https:\/\/guideservice.dk\/wp-content\/uploads\/2024\/04\/RL-kursus-1024x768.jpg\" alt=\"\" width=\"282\" height=\"420\" title=\"Skovtaarnet\" loading=\"lazy\" role=\"img\"\/><\/figure><\/div>\n\n\n\n<div class=\"wp-block-uagb-image alignleft uagb-block-wiypksxr wp-block-uagb-image--layout-default wp-block-uagb-image--effect-static wp-block-uagb-image--align-left\"><figure class=\"wp-block-uagb-image__figure\"><img decoding=\"async\" srcset=\"https:\/\/guideservice.dk\/wp-content\/uploads\/2023\/04\/Skovtaarnet.jpg ,https:\/\/guideservice.dk\/wp-content\/uploads\/2023\/04\/Skovtaarnet.jpg 780w, https:\/\/guideservice.dk\/wp-content\/uploads\/2023\/04\/Skovtaarnet.jpg 360w\" sizes=\"auto, (max-width: 480px) 150px\" src=\"https:\/\/guideservice.dk\/wp-content\/uploads\/2023\/04\/Skovtaarnet.jpg\" alt=\"\" class=\"uag-image-7597\" width=\"282\" height=\"370\" title=\"Skovtaarnet\" loading=\"lazy\" role=\"img\"\/><\/figure><\/div>\n\n\n\n<div class=\"wp-block-uagb-image alignleft uagb-block-dyqhp5a1 wp-block-uagb-image--layout-default wp-block-uagb-image--effect-static wp-block-uagb-image--align-left\"><figure class=\"wp-block-uagb-image__figure\"><img decoding=\"async\" srcset=\"https:\/\/guideservice.dk\/wp-content\/uploads\/2024\/02\/find-en-guide-1024x683.jpg ,https:\/\/guideservice.dk\/wp-content\/uploads\/2024\/02\/find-en-guide-scaled-e1754902686844.jpg 780w, https:\/\/guideservice.dk\/wp-content\/uploads\/2024\/02\/find-en-guide-scaled-e1754902686844.jpg 360w\" sizes=\"auto, (max-width: 480px) 150px\" src=\"https:\/\/guideservice.dk\/wp-content\/uploads\/2024\/02\/find-en-guide-1024x683.jpg\" alt=\"\" class=\"uag-image-7977\" width=\"282\" height=\"420\" title=\"find en guide\" loading=\"lazy\" role=\"img\"\/><\/figure><\/div>\n<\/div>\n<\/div><\/div>\n\n\n\n<div class=\"wp-block-uagb-container uagb-block-30bqmz0g alignfull uagb-is-root-container\"><div class=\"uagb-container-inner-blocks-wrap\">\n<div class=\"wp-block-uagb-container uagb-block-sfv8psxz\">\n<div class=\"wp-block-uagb-container uagb-block-xrqkzr0c\">\n<div class=\"wp-block-uagb-info-box uagb-block-7ybpftno uagb-infobox__content-wrap  uagb-infobox-icon-above-title uagb-infobox-image-valign-top\"><div class=\"uagb-ifb-content\"><div class=\"uagb-ifb-title-wrap\"><h2 class=\"uagb-ifb-title\">Hvilken vej v\u00e6lger du?<\/h2><\/div><p class=\"uagb-ifb-desc\">Vi har opdelt vores uddannelser, s\u00e5 de passer pr\u00e6cis til dine ambitioner. Er du til den skarpe, lokale formidling, eller dr\u00f8mmer du om det store overblik p\u00e5 de lange rejser?<\/p><\/div><\/div>\n<\/div>\n<\/div>\n\n\n\n<div class=\"wp-block-columns is-layout-flex wp-container-core-columns-is-layout-9d6595d7 wp-block-columns-is-layout-flex\">\n<div class=\"wp-block-column is-layout-flow wp-block-column-is-layout-flow\" style=\"flex-basis:100%\">\n<div class=\"wp-block-uagb-container uagb-block-vt7qd87v\">\n<div class=\"wp-block-uagb-container uagb-block-jzadu4b5\">\n<div class=\"wp-block-uagb-info-box uagb-block-o7xmgaff uagb-infobox__content-wrap  uagb-infobox-icon-above-title uagb-infobox-image-valign-top\"><div class=\"uagb-ifb-content\"><div class=\"uagb-ifb-title-wrap\"><p class=\"uagb-ifb-title\"><strong>Guideuddannelsen<\/strong><\/p><\/div><p class=\"uagb-ifb-desc\"><em>Specialisten i den gode fort\u00e6lling<\/em><br>Denne uddannelse er for dig, der vil mestre v\u00e6rtskab og formidling. Du l\u00e6rer at fange et publikums opm\u00e6rksomhed, strukturere en tur og levere viden p\u00e5 en levende og engagerende m\u00e5de.<br><strong>Fokus:<\/strong> Formidlingsteknik, stemmebrug, kropssprog og g\u00e6steh\u00e5ndtering.<br><strong>M\u00e5l:<\/strong> Bliv klar til byvandringer, museumsbes\u00f8g og kortere udflugter.<br><strong>Varighed:<\/strong> 3 intensive l\u00f8rdag, samt en intensiv praktikdag med afsluttende pr\u00f8ve.<\/p><\/div><\/div>\n\n\n\n<div class=\"wp-block-uagb-buttons uagb-buttons__outer-wrap uagb-btn__default-btn uagb-btn-tablet__default-btn uagb-btn-mobile__default-btn uagb-block-93fa6b73\"><div class=\"uagb-buttons__wrap uagb-buttons-layout-wrap\">\n<div class=\"wp-block-uagb-buttons-child uagb-buttons__outer-wrap uagb-block-a03e54a8 wp-block-button\"><div class=\"uagb-button__wrapper\"><a class=\"uagb-buttons-repeater wp-block-button__link\" aria-label=\"\" href=\"https:\/\/guideservice.dk\/en\/guideuddannelsen\/\" rel=\"follow noopener\" target=\"_blank\" role=\"button\"><div class=\"uagb-button__link\">L\u00e6s mere om Guideuddannelsen <\/div><\/a><\/div><\/div>\n<\/div><\/div>\n<\/div>\n\n\n\n<div class=\"wp-block-uagb-container uagb-block-efc0e3cc\">\n<div class=\"wp-block-uagb-info-box uagb-block-85f82a78 uagb-infobox__content-wrap  uagb-infobox-icon-above-title uagb-infobox-image-valign-top\"><div class=\"uagb-ifb-content\"><div class=\"uagb-ifb-title-wrap\"><p class=\"uagb-ifb-title\"><strong>Guide- og rejselederuddannelsen<\/strong><\/p><\/div><p class=\"uagb-ifb-desc\"><em>Den komplette pakke til den professionelle globetrotter<\/em><br>Vil du have det fulde ansvar og kompetencerne til at styre en hel rejse fra start til slut? Denne uddannelse kombinerer den st\u00e6rke formidling med tungere kompetencer inden for logistik, kriseh\u00e5ndtering og gruppedynamik.<br><strong>Fokus:<\/strong> Alt fra Guideuddannelsen PLUS rejseplanl\u00e6gning, jura, samarbejde med buschauff\u00f8rer\/hoteller og konfliktl\u00f8sning og meget mere.<br><strong>M\u00e5l:<\/strong> Bliv klar til busrejser, krydstogter og rundrejser i ind- og udland.<br><strong>Varighed:<\/strong> 3 intensive weekender, samt en 4-dages praktikrejse.<\/p><\/div><\/div>\n\n\n\n<div class=\"wp-block-uagb-buttons uagb-buttons__outer-wrap uagb-btn__default-btn uagb-btn-tablet__default-btn uagb-btn-mobile__default-btn uagb-block-ab886d08\"><div class=\"uagb-buttons__wrap uagb-buttons-layout-wrap\">\n<div class=\"wp-block-uagb-buttons-child uagb-buttons__outer-wrap uagb-block-159ea906 wp-block-button\"><div class=\"uagb-button__wrapper\"><a class=\"uagb-buttons-repeater wp-block-button__link\" aria-label=\"\" href=\"https:\/\/guideservice.dk\/en\/guideservice-guide-rejseleder-uddannelse\/\" rel=\"follow noopener\" target=\"_blank\" role=\"button\"><div class=\"uagb-button__link\">L\u00e6s mere om Guide- &amp; Rejselederuddannelsen <\/div><\/a><\/div><\/div>\n<\/div><\/div>\n<\/div>\n<\/div>\n<\/div>\n<\/div>\n<\/div><\/div>\n\n\n\n<div class=\"wp-block-uagb-container uagb-block-vznpoq4v alignfull uagb-is-root-container\"><div class=\"uagb-container-inner-blocks-wrap\">\n<div class=\"wp-block-uagb-container uagb-block-skcbrjhr\">\n<div class=\"wp-block-uagb-image alignleft uagb-block-ssfsoga7 wp-block-uagb-image--layout-default wp-block-uagb-image--effect-static wp-block-uagb-image--align-left\"><figure class=\"wp-block-uagb-image__figure\"><img decoding=\"async\" srcset=\"https:\/\/guideservice.dk\/wp-content\/uploads\/2022\/10\/Job-hos-GDK-1024x768.jpg ,https:\/\/guideservice.dk\/wp-content\/uploads\/2022\/10\/Job-hos-GDK-scaled.jpg 780w, https:\/\/guideservice.dk\/wp-content\/uploads\/2022\/10\/Job-hos-GDK-scaled.jpg 360w\" sizes=\"auto, (max-width: 480px) 150px\" src=\"https:\/\/guideservice.dk\/wp-content\/uploads\/2022\/10\/Job-hos-GDK-1024x768.jpg\" alt=\"\" class=\"uag-image-2334\" width=\"564\" height=\"450\" title=\"Work with Guide Service Denmark\" loading=\"lazy\" role=\"img\"\/><\/figure><\/div>\n<\/div>\n\n\n\n<div class=\"wp-block-uagb-info-box uagb-block-ct8p8lgf uagb-infobox__content-wrap  uagb-infobox-icon-above-title uagb-infobox-image-valign-top\"><div class=\"uagb-ifb-content\"><div class=\"uagb-ifb-title-wrap\"><h3 class=\"uagb-ifb-title\">Hvorfor v\u00e6lge Guideservice Danmark?<\/h3><\/div><p class=\"uagb-ifb-desc\">At v\u00e6re guide er ikke bare et job \u2013 det er en livsstil. N\u00e5r du uddanner dig hos os, f\u00e5r du:<br><strong>Brancheerfaring:<\/strong> Undervisning af aktive eksperter, der ved, hvad der virker i marken.<br><strong>Netv\u00e6rk:<\/strong> Adgang til et st\u00e6rkt f\u00e6llesskab og potentielle jobmuligheder i vores landsd\u00e6kkende guideservice.<br><strong>Praksisn\u00e6r l\u00e6ring:<\/strong> Vi g\u00e5r hurtigt fra teori til virkelighed, s\u00e5 du f\u00e5r mikrofonen i h\u00e5nden med det samme.<br><br><em>&#8220;Verden venter p\u00e5 din fort\u00e6lling. Tag det f\u00f8rste skridt mod en karriere, hvor hver dag er en oplevelse.&#8221;<\/em><\/p><div class=\"uagb-ifb-button-wrapper wp-block-button\"><a href=\"https:\/\/guideservice.dk\/en\/about-us\/\" target=\"_self\" onclick=\"return true;\" class=\"uagb-infobox-cta-link\" rel=\"noopener noreferrer\"><span class=\"uagb-inline-editing\">Se mere om os<\/span><svg xmlns=\"https:\/\/www.w3.org\/2000\/svg\" viewbox=\"0 0 320 512\"><path d=\"M96 480c-8.188 0-16.38-3.125-22.62-9.375c-12.5-12.5-12.5-32.75 0-45.25L242.8 256L73.38 86.63c-12.5-12.5-12.5-32.75 0-45.25s32.75-12.5 45.25 0l192 192c12.5 12.5 12.5 32.75 0 45.25l-192 192C112.4 476.9 104.2 480 96 480z\"><\/path><\/svg><\/a><\/div><\/div><\/div>\n<\/div><\/div>\n\n\n\n<div class=\"wp-block-uagb-container uagb-block-kzgyuzap alignfull uagb-is-root-container\"><div class=\"uagb-container-inner-blocks-wrap\">\n<div class=\"wp-block-uagb-info-box uagb-block-nyhhoh1l uagb-infobox__content-wrap  uagb-infobox-icon-above-title uagb-infobox-image-valign-top\"><div class=\"uagb-ifb-content\"><div class=\"uagb-ifb-title-wrap\"><p class=\"uagb-ifb-title-prefix\">anmeldelser<\/p><h2 class=\"uagb-ifb-title\">Hvad siger tidligere kursister?<\/h2><\/div><\/div><\/div>\n\n\n\n<div class=\"wp-block-uagb-container uagb-block-eubfhg4k\">\n<div class=\"wp-block-uagb-container uagb-block-sp9xdrd6\">\n<div class=\"wp-block-uagb-star-rating uagb-block-hmhn8jfy\"><div class=\"uag-star-rating\" title=\"5\/5\"><span class=\"uag-star\">\u2605<\/span><span class=\"uag-star\">\u2605<\/span><span class=\"uag-star\">\u2605<\/span><span class=\"uag-star\">\u2605<\/span><span class=\"uag-star\">\u2605<\/span><\/div><\/div>\n\n\n\n<div class=\"wp-block-uagb-info-box uagb-block-xmivvcnh uagb-infobox__content-wrap  uagb-infobox-icon-above-title uagb-infobox-image-valign-top\"><div class=\"uagb-ifb-content\"><div class=\"uagb-ifb-title-wrap\"><\/div><p class=\"uagb-ifb-desc\">Meget udbytterigt,&#8230;..det har givet mig sparket&#8230;.<br>Jeg har f\u00e5et gnisten tilbage i mit arbejdsliv.<br><br><em>&#8211; Helle 2025<\/em><\/p><\/div><\/div>\n<\/div>\n\n\n\n<div class=\"wp-block-uagb-container uagb-block-xlk421y0\">\n<div class=\"wp-block-uagb-star-rating uagb-block-idmrxgjx\"><div class=\"uag-star-rating\" title=\"5\/5\"><span class=\"uag-star\">\u2605<\/span><span class=\"uag-star\">\u2605<\/span><span class=\"uag-star\">\u2605<\/span><span class=\"uag-star\">\u2605<\/span><span class=\"uag-star\">\u2605<\/span><\/div><\/div>\n\n\n\n<div class=\"wp-block-uagb-info-box uagb-block-ebuijw6k uagb-infobox__content-wrap  uagb-infobox-icon-above-title uagb-infobox-image-valign-top\"><div class=\"uagb-ifb-content\"><div class=\"uagb-ifb-title-wrap\"><\/div><p class=\"uagb-ifb-desc\">En fantastisk kombination af teori og praksis. Kurset kl\u00e6dte mig p\u00e5 til rollen som professionel guide og rejseleder. I dag arbejder jeg fast for Guideservice Danmark.<br><br><em>&#8211; Kristina 2023<\/em><\/p><\/div><\/div>\n<\/div>\n\n\n\n<div class=\"wp-block-uagb-container uagb-block-ay9evxex\">\n<div class=\"wp-block-uagb-star-rating uagb-block-kx0cfvxl\"><div class=\"uag-star-rating\" title=\"5\/5\"><span class=\"uag-star\">\u2605<\/span><span class=\"uag-star\">\u2605<\/span><span class=\"uag-star\">\u2605<\/span><span class=\"uag-star\">\u2605<\/span><span class=\"uag-star\">\u2605<\/span><\/div><\/div>\n\n\n\n<div class=\"wp-block-uagb-info-box uagb-block-8xbgfvne uagb-infobox__content-wrap  uagb-infobox-icon-above-title uagb-infobox-image-valign-top\"><div class=\"uagb-ifb-content\"><div class=\"uagb-ifb-title-wrap\"><\/div><p class=\"uagb-ifb-desc\">Mette var rolig selv i de s\u00e6rdeles stressede situationer der opstod i weekenderne. Og en finurlig m\u00e5de at indgyde selvtillid i kursisterne. Man m\u00e6rker hendes mange \u00e5r som rejseleder.<br><br><em>&#8211; Carsten 2024<\/em><\/p><\/div><\/div>\n<\/div>\n<\/div>\n<\/div><\/div>\n\n\n\n<div class=\"wp-block-uagb-container uagb-block-n4dqtifd alignfull uagb-is-root-container\"><div class=\"uagb-container-inner-blocks-wrap\">\n<div class=\"wp-block-uagb-info-box uagb-block-w5memhft uagb-infobox__content-wrap  uagb-infobox-icon-above-title uagb-infobox-image-valign-top\"><div class=\"uagb-ifb-content\"><div class=\"uagb-ifb-title-wrap\"><p class=\"uagb-ifb-title-prefix\">Er du i tvivl om, hvilken uddannelse der er den rette for dig?<\/p><\/div><p class=\"uagb-ifb-desc\"><br>Kontakt os for en uforpligtende snak om, hvordan vi kan hj\u00e6lpe dig med at g\u00f8re din vision til virkelighed. Vi sidder klar til at r\u00e5dgive dig om din fremtid i oplevelses\u00f8konomien.<\/p><\/div><\/div>\n\n\n\n<div class=\"wp-block-uagb-icon-list uagb-block-ytbnukil\"><div class=\"uagb-icon-list__wrap\">\n<div class=\"wp-block-uagb-icon-list-child uagb-block-agzvhx5k\"><a target=\"_self\" aria-label=\"+45 4156 2855\" rel=\"noopener noreferrer\" href=\"#\"> <\/a><span class=\"uagb-icon-list__source-wrap\"><svg xmlns=\"https:\/\/www.w3.org\/2000\/svg\" viewbox=\"0 0 512 512\"><path d=\"M511.2 387l-23.25 100.8c-3.266 14.25-15.79 24.22-30.46 24.22C205.2 512 0 306.8 0 54.5c0-14.66 9.969-27.2 24.22-30.45l100.8-23.25C139.7-2.602 154.7 5.018 160.8 18.92l46.52 108.5c5.438 12.78 1.77 27.67-8.98 36.45L144.5 207.1c33.98 69.22 90.26 125.5 159.5 159.5l44.08-53.8c8.688-10.78 23.69-14.51 36.47-8.975l108.5 46.51C506.1 357.2 514.6 372.4 511.2 387z\"><\/path><\/svg><\/span><span class=\"uagb-icon-list__label\">+45 4156 2855<\/span><\/div>\n\n\n\n<div class=\"wp-block-uagb-icon-list-child uagb-block-de988db4\"><span class=\"uagb-icon-list__source-wrap\"><svg xmlns=\"https:\/\/www.w3.org\/2000\/svg\" viewbox=\"0 0 512 512\"><path d=\"M464 64C490.5 64 512 85.49 512 112C512 127.1 504.9 141.3 492.8 150.4L275.2 313.6C263.8 322.1 248.2 322.1 236.8 313.6L19.2 150.4C7.113 141.3 0 127.1 0 112C0 85.49 21.49 64 48 64H464zM217.6 339.2C240.4 356.3 271.6 356.3 294.4 339.2L512 176V384C512 419.3 483.3 448 448 448H64C28.65 448 0 419.3 0 384V176L217.6 339.2z\"><\/path><\/svg><\/span><span class=\"uagb-icon-list__label\">info@guideservicedanmark.dk<\/span><\/div>\n<\/div><\/div>\n<\/div><\/div>\n\n\n\n<p><\/p>","protected":false},"excerpt":{"rendered":"","protected":false},"author":1,"featured_media":0,"parent":0,"menu_order":0,"comment_status":"closed","ping_status":"closed","template":"template-parts\/page-home.php","meta":{"om_disable_all_campaigns":false,"inline_featured_image":false,"_uag_custom_page_level_css":"","_monsterinsights_skip_tracking":false,"_monsterinsights_sitenote_active":false,"_monsterinsights_sitenote_note":"","_monsterinsights_sitenote_category":0,"_uf_show_specific_survey":0,"_uf_disable_surveys":false,"footnotes":""},"class_list":["post-3230","page","type-page","status-publish","hentry"],"acf":[],"aioseo_notices":[],"uagb_featured_image_src":{"full":false,"thumbnail":false,"medium":false,"medium_large":false,"large":false,"1536x1536":false,"2048x2048":false,"trp-custom-language-flag":false,"post-thumbnail":false,"nisarg-full-width":false,"sow-carousel-default":false},"uagb_author_info":{"display_name":"admin","author_link":"https:\/\/guideservice.dk\/en\/author\/jonas_ba13346b\/"},"uagb_comment_info":0,"uagb_excerpt":null,"_links":{"self":[{"href":"https:\/\/guideservice.dk\/en\/wp-json\/wp\/v2\/pages\/3230","targetHints":{"allow":["GET"]}}],"collection":[{"href":"https:\/\/guideservice.dk\/en\/wp-json\/wp\/v2\/pages"}],"about":[{"href":"https:\/\/guideservice.dk\/en\/wp-json\/wp\/v2\/types\/page"}],"author":[{"embeddable":true,"href":"https:\/\/guideservice.dk\/en\/wp-json\/wp\/v2\/users\/1"}],"replies":[{"embeddable":true,"href":"https:\/\/guideservice.dk\/en\/wp-json\/wp\/v2\/comments?post=3230"}],"version-history":[{"count":123,"href":"https:\/\/guideservice.dk\/en\/wp-json\/wp\/v2\/pages\/3230\/revisions"}],"predecessor-version":[{"id":9813,"href":"https:\/\/guideservice.dk\/en\/wp-json\/wp\/v2\/pages\/3230\/revisions\/9813"}],"wp:attachment":[{"href":"https:\/\/guideservice.dk\/en\/wp-json\/wp\/v2\/media?parent=3230"}],"curies":[{"name":"wp","href":"https:\/\/api.w.org\/{rel}","templated":true}]}}