{"id":4636,"date":"2023-02-01T10:41:49","date_gmt":"2023-02-01T09:41:49","guid":{"rendered":"https:\/\/guideservice.dk\/?page_id=4636"},"modified":"2023-02-14T23:47:57","modified_gmt":"2023-02-14T22:47:57","slug":"guider-i-jylland","status":"publish","type":"page","link":"https:\/\/guideservice.dk\/en\/guides-in-jutland\/","title":{"rendered":"Guides in Jutland"},"content":{"rendered":"<p><em><strong>We have guides throughout Jutland. Choose who best matches your group as a guided tour is a good activity for groups. We are also happy to help in the office.<\/strong><\/em><\/p>\n\n\n<ul class=\"main-selector main-selector--sub main-selector--sub__home\">\r\n\r\n    \r\n                      \r\n          <li class=\"main-selector__item\">\r\n\r\n            \r\n            <a href=\"https:\/\/guideservice.dk\/en\/guides-in-vejle\/\" class=\"selector-category translation-block\">\r\n              <h3 class=\"selector-category__title\">Guides Vejle &amp; nearby<\/h3>\n\n              <figure class=\"selector-category__background\">\n                <img src=\"https:\/\/guideservice.dk\/wp-content\/uploads\/2021\/12\/bolgen-jesper-frehr-colourbox-1024x494.jpg\" alt=\"Vejle\">\n              <\/figure>\r\n            <\/a>\r\n          <\/li>\r\n          \r\n                      \r\n          <li class=\"main-selector__item\">\r\n\r\n            \r\n            <a href=\"https:\/\/guideservice.dk\/en\/guides-in-aarhus\/\" class=\"selector-category translation-block\">\r\n              <h3 class=\"selector-category__title\">Aarhus &amp; nearby<\/h3>\n\n              <figure class=\"selector-category__background\">\n                <img src=\"https:\/\/guideservice.dk\/wp-content\/uploads\/2022\/10\/Aarhus.png\" alt=\"\">\n              <\/figure>\r\n            <\/a>\r\n          <\/li>\r\n          \r\n                      \r\n          <li class=\"main-selector__item\">\r\n\r\n            \r\n            <a href=\"https:\/\/guideservice.dk\/en\/guides-all-over-jutland\/\" class=\"selector-category translation-block\">\r\n              <h3 class=\"selector-category__title\">Guides all Jutland<\/h3>\n\n              <figure class=\"selector-category__background\">\n                <img src=\"https:\/\/guideservice.dk\/wp-content\/uploads\/2021\/12\/89cb5a13-0efb-3ce2-82f5-8d0b274aa5f6.jpg\" alt=\"Jylland\">\n              <\/figure>\r\n            <\/a>\r\n          <\/li>\r\n          \r\n              \r\n        \r\n<\/ul>\r\n\n\n\n<h2 class=\"wp-block-heading\">Guides throughout Jutland<\/h2>\n\n\n\n<p>Our guide service in Jutland will assist you in finding good guides throughout Jutland, from north to south and from east to west.<\/p>\n\n\n\n<p>Jutland covers a large geographical area and there are so many activities to choose from when it comes to guided tours. Each guide has created a fine profile that describes what the guide can offer including languages. You can choose from guides who speak Danish, English, German, French, Russian, Chinese and several other languages.<\/p>\n\n\n\n<p>You can find a guide for city walks, coach tours, bike tours, sailing tours and walking or hiking tours. Simply choose the guide you think best matches your group as a guided tour is a good activity for groups.<\/p>\n\n\n\n<p class=\"translation-block\">Guides welcome large as well as small groups. The smallest group has one participant. To make it a little easier for you if you are looking for a guide in <a href=\"https:\/\/guideservice.dk\/en\/guides-in-aarhus\/\" target=\"_blank\" rel=\"noreferrer noopener\">Aarhus<\/a> or <a href=\"https:\/\/guideservice.dk\/en\/guides-in-vejle\/\" target=\"_blank\" rel=\"noreferrer noopener\">Vejle<\/a>, you can see the all in specific. The same if you want to check out opportunities for guides for the entire Jutland peninsula <a href=\"https:\/\/guideservice.dk\/en\/guides-all-over-jutland\/\" target=\"_self\">guides in all of Jutland<\/a>. Our guides might very well be able to inspire you with their options for guided tours rather than you deciding beforehand on which city to visit.<\/p>\n\n\n\n<p class=\"translation-block\">Our guides in Jutland present a wide range of suggestions for <a href=\"https:\/\/guideservice.dk\/en\/guide-service-in-jutland\/\" target=\"_blank\" rel=\"noreferrer noopener\">guided tours<\/a> throughout the entire Jutland peninsula. You can also be inspired there.<\/p>\n\n\n\n<h3 class=\"wp-block-heading\">Do you want to become a guide in Jutland<\/h3>\n\n\n\n<p class=\"translation-block\">We are always open to new guides who are passionate about sharing and conveying the good history of their area. If you have got an inner narrator and storyteller, supplemented by a great heart for customer service send us an <a href=\"https:\/\/guideservice.dk\/en\/job-with-guide-service-denmark\/\" target=\"_blank\" rel=\"noreferrer noopener\">application<\/a>.<\/p>\n\n\n\n<p><strong>We are happy to say visit Jutland with Guide Service Denmark and our guide service Jutland.<\/strong><\/p>","protected":false},"excerpt":{"rendered":"<p>Vi har guider fordelt i hele Jylland. V\u00e6lg her, hvem der bedst matcher din gruppe. en guidet tur er nemlig en god aktivitet for grupper. Vi hj\u00e6lper ogs\u00e5 gerne p\u00e5 kontoret. Guider i hele Jylland Vores guideservice i Jylland hj\u00e6lper dig til gode guider i hele Jylland, fra nord til syd og fra \u00f8st til vest. Jylland d\u00e6kker et stort geografisk omr\u00e5de og mange forskellige aktiviteter. Hver guide har lavet en fin profil, der beskriver, hvad guiden kan tilbyde. Hver&#8230;<\/p>\n<p class=\"read-more\"><a class=\"btn btn-default\" href=\"https:\/\/guideservice.dk\/en\/guides-in-jutland\/\"> Read More<span class=\"screen-reader-text\">  Read More<\/span><\/a><\/p>","protected":false},"author":1,"featured_media":0,"parent":0,"menu_order":0,"comment_status":"closed","ping_status":"closed","template":"template-parts\/page-home.php","meta":{"om_disable_all_campaigns":false,"inline_featured_image":false,"_uag_custom_page_level_css":"","_monsterinsights_skip_tracking":false,"_monsterinsights_sitenote_active":false,"_monsterinsights_sitenote_note":"","_monsterinsights_sitenote_category":0,"_uf_show_specific_survey":0,"_uf_disable_surveys":false,"footnotes":""},"class_list":["post-4636","page","type-page","status-publish","hentry"],"acf":[],"aioseo_notices":[],"uagb_featured_image_src":{"full":false,"thumbnail":false,"medium":false,"medium_large":false,"large":false,"1536x1536":false,"2048x2048":false,"trp-custom-language-flag":false,"post-thumbnail":false,"nisarg-full-width":false,"sow-carousel-default":false},"uagb_author_info":{"display_name":"admin","author_link":"https:\/\/guideservice.dk\/en\/author\/jonas_ba13346b\/"},"uagb_comment_info":0,"uagb_excerpt":"Vi har guider fordelt i hele Jylland. V\u00e6lg her, hvem der bedst matcher din gruppe. en guidet tur er nemlig en god aktivitet for grupper. Vi hj\u00e6lper ogs\u00e5 gerne p\u00e5 kontoret. Guider i hele Jylland Vores guideservice i Jylland hj\u00e6lper dig til gode guider i hele Jylland, fra nord til syd og fra \u00f8st til&hellip;","_links":{"self":[{"href":"https:\/\/guideservice.dk\/en\/wp-json\/wp\/v2\/pages\/4636","targetHints":{"allow":["GET"]}}],"collection":[{"href":"https:\/\/guideservice.dk\/en\/wp-json\/wp\/v2\/pages"}],"about":[{"href":"https:\/\/guideservice.dk\/en\/wp-json\/wp\/v2\/types\/page"}],"author":[{"embeddable":true,"href":"https:\/\/guideservice.dk\/en\/wp-json\/wp\/v2\/users\/1"}],"replies":[{"embeddable":true,"href":"https:\/\/guideservice.dk\/en\/wp-json\/wp\/v2\/comments?post=4636"}],"version-history":[{"count":37,"href":"https:\/\/guideservice.dk\/en\/wp-json\/wp\/v2\/pages\/4636\/revisions"}],"predecessor-version":[{"id":5595,"href":"https:\/\/guideservice.dk\/en\/wp-json\/wp\/v2\/pages\/4636\/revisions\/5595"}],"wp:attachment":[{"href":"https:\/\/guideservice.dk\/en\/wp-json\/wp\/v2\/media?parent=4636"}],"curies":[{"name":"wp","href":"https:\/\/api.w.org\/{rel}","templated":true}]}}