{"id":4643,"date":"2023-02-01T10:45:20","date_gmt":"2023-02-01T09:45:20","guid":{"rendered":"https:\/\/guideservice.dk\/?page_id=4643"},"modified":"2025-10-03T14:05:05","modified_gmt":"2025-10-03T12:05:05","slug":"guider-paa-fyn","status":"publish","type":"page","link":"https:\/\/guideservice.dk\/en\/guides-on-funen\/","title":{"rendered":"Guides Funen &amp; Islands"},"content":{"rendered":"<p><strong><em>The Funen countryside is a lovely landscape. Our guides in our guide service Funen know all about that. If you want to know more about Funen, the stories, the manor houses and life on Funen, our guides are ready to share their stories with you.<\/em><\/strong><\/p>\n\n\n<ul class=\"main-selector main-selector--sub main-selector--sub__home\">\r\n\r\n    \r\n                      \r\n          <li class=\"main-selector__item\">\r\n\r\n            \r\n            <a href=\"https:\/\/guideservice.dk\/en\/guides-in-odense\/\" class=\"selector-category translation-block\">\r\n              <h3 class=\"selector-category__title\">Odense &amp; nearby<\/h3>\n\n              <figure class=\"selector-category__background\">\n                <img src=\"https:\/\/guideservice.dk\/wp-content\/uploads\/2020\/08\/Skilt-Brandts-1024x653.jpg\" alt=\"\">\n              <\/figure>\r\n            <\/a>\r\n          <\/li>\r\n          \r\n                      \r\n          <li class=\"main-selector__item\">\r\n\r\n            \r\n            <a href=\"https:\/\/guideservice.dk\/en\/guides-at-egeskov-castle\/\" class=\"selector-category translation-block\">\r\n              <h3 class=\"selector-category__title\">Egeskov Castle<\/h3>\n\n              <figure class=\"selector-category__background\">\n                <img src=\"https:\/\/guideservice.dk\/wp-content\/uploads\/2022\/10\/Egeskov-1024x683.jpg\" alt=\"\">\n              <\/figure>\r\n            <\/a>\r\n          <\/li>\r\n          \r\n                      \r\n          <li class=\"main-selector__item\">\r\n\r\n            \r\n            <a href=\"https:\/\/guideservice.dk\/en\/guider-i-kerteminde\/\" class=\"selector-category translation-block\">\r\n              <h3 class=\"selector-category__title\">Kerteminde &#038; omegn<\/h3>\r\n\r\n              <figure class=\"selector-category__background\">\r\n                <img decoding=\"async\" src=\"https:\/\/guideservice.dk\/wp-content\/uploads\/2025\/10\/g77761df5b73228df39dbfe1b0e600139c8551d3a192ca0545f4cffbc83921767a64dc401580cd5bfdede6cd55373cd60_640-1616367.jpg\" alt=\"\">\r\n              <\/figure>\r\n            <\/a>\r\n          <\/li>\r\n          \r\n                      \r\n          <li class=\"main-selector__item\">\r\n\r\n            \r\n            <a href=\"https:\/\/guideservice.dk\/en\/guides-all-funen\/\" class=\"selector-category translation-block\">\r\n              <h3 class=\"selector-category__title\">All Funen &amp; islands<\/h3>\n\n              <figure class=\"selector-category__background\">\n                <img src=\"https:\/\/guideservice.dk\/wp-content\/uploads\/2020\/12\/Brandts-i-Odense.jpg\" alt=\"\">\n              <\/figure>\r\n            <\/a>\r\n          <\/li>\r\n          \r\n              \r\n        \r\n<\/ul>\r\n\n\n\n<h2 class=\"wp-block-heading\">Guides on Funen<\/h2>\n\n\n\n<p>This is where you will find our guides who are part of guide service Funen. When you are on a tour with one of our guides, you will experienc how committed they all are and how much they love the stories about Funen and Funen's history. With a local guide to let you in on the story, you benefit a lot more from your holiday on Funen. With your guide you get to know the good stories faster. Even if you live on Funen, you might not know all the quirky stories and gems hidden in the Funen landscape. A good guide can help you become much wiser. Your local guide can tell you about particular coastal towns or areas where you don't travel that often and are therefore positively curious about wherw to finde the small local gems.<\/p>\n\n\n\n<h2 class=\"wp-block-heading\">Guide service on Funen<\/h2>\n\n\n\n<p class=\"translation-block\">The Funen guides know their island inside out and luckily we work with a versatile group of skilled local guides. Read more about the individual guides if you want to know more about their background, education and languages. With each guide, you can also see which tours the guide guides. See the suggestions for <a href=\"https:\/\/guideservice.dk\/en\/guide-service-funen\/\" target=\"_self\">guided tours on Funen<\/a>. Let yourself be inspired and choose the tour that suits you best - or send us your own wish for a tour and we will arrange that for you.<\/p>\n\n\n\n<p>A guided tour is a great activity for groups of all ages, on Funen and elsewhere in Denmark. If you have difficulty choosing, contact the office - we will be happy to assist you.<\/p>\n\n\n\n<p>Forslag til guidede ture p\u00e5 Fyn kan v\u00e6re en <strong><a href=\"https:\/\/guideservice.dk\/en\/guides-in-odense\/\" target=\"_blank\" rel=\"noreferrer noopener\">byvandring i Odense<\/a><\/strong> eller en rundvisning p\u00e5 <strong><a href=\"https:\/\/guideservice.dk\/en\/guides-at-egeskov-castle\/\" target=\"_blank\" rel=\"noreferrer noopener\">Egeskov Castle<\/a><\/strong>.<\/p>\n\n\n\n<p class=\"translation-block\">Remember that with Guide Service Denmark you can either choose a guide yourself, or you can let us help you. If you <strong><a href=\"https:\/\/guideservice.dk\/en\/booking\/\" target=\"_blank\" rel=\"noreferrer noopener\">book a guide<\/a><\/strong> without choosing who, and you will get an overview of which guides are available for your assignment. That makes the choice of guide much easier for you.<\/p>\n\n\n\n<h3 class=\"wp-block-heading\">Do you want to guide on Funen<\/h3>\n\n\n\n<p class=\"translation-block\">We need more guides in our guide service Funen. Therefore we'd like to hear from guides with knowledge and experience who can guide - on Funen or elsewhere. If you are an experienced guide or would like to become one, we would like to hear from you. We look forward to receiving <a href=\"https:\/\/guideservice.dk\/en\/job-with-guide-service-denmark\/\" target=\"_blank\" rel=\"noreferrer noopener\">your application<\/a>.<\/p>\n\n\n\n<p class=\"translation-block\"><strong>We are happy to say visit Funen with Guide Service Denmark and our guide service Funen.<\/strong><\/p>","protected":false},"excerpt":{"rendered":"<p>Der er s\u00e5 dejligt, der ude i det fynske landskab. Det ved vores guiderne i vores guideservice Fyn alt om. Vil du vide mere om Fyn, historierne, herreg\u00e5rdene og livet p\u00e5 Fyn, s\u00e5 st\u00e5r vores gode guider klar til at fort\u00e6lle historierne. Guider p\u00e5 Fyn Det er her, du finder vores guideservice Fyn guider. N\u00e5r du er p\u00e5 tur med en af vores guider, vil du opdage, at de er engagerede og elsker at fort\u00e6lle om Fyn og den fynske&#8230;<\/p>\n<p class=\"read-more\"><a class=\"btn btn-default\" href=\"https:\/\/guideservice.dk\/en\/guides-on-funen\/\"> Read More<span class=\"screen-reader-text\">  Read More<\/span><\/a><\/p>","protected":false},"author":1,"featured_media":0,"parent":0,"menu_order":0,"comment_status":"closed","ping_status":"closed","template":"template-parts\/page-home.php","meta":{"om_disable_all_campaigns":false,"inline_featured_image":false,"_uag_custom_page_level_css":"","_monsterinsights_skip_tracking":false,"_monsterinsights_sitenote_active":false,"_monsterinsights_sitenote_note":"","_monsterinsights_sitenote_category":0,"_uf_show_specific_survey":0,"_uf_disable_surveys":false,"footnotes":""},"class_list":["post-4643","page","type-page","status-publish","hentry"],"acf":[],"aioseo_notices":[],"uagb_featured_image_src":{"full":false,"thumbnail":false,"medium":false,"medium_large":false,"large":false,"1536x1536":false,"2048x2048":false,"trp-custom-language-flag":false,"post-thumbnail":false,"nisarg-full-width":false,"sow-carousel-default":false},"uagb_author_info":{"display_name":"admin","author_link":"https:\/\/guideservice.dk\/en\/author\/jonas_ba13346b\/"},"uagb_comment_info":0,"uagb_excerpt":"Der er s\u00e5 dejligt, der ude i det fynske landskab. Det ved vores guiderne i vores guideservice Fyn alt om. Vil du vide mere om Fyn, historierne, herreg\u00e5rdene og livet p\u00e5 Fyn, s\u00e5 st\u00e5r vores gode guider klar til at fort\u00e6lle historierne. Guider p\u00e5 Fyn Det er her, du finder vores guideservice Fyn guider. N\u00e5r&hellip;","_links":{"self":[{"href":"https:\/\/guideservice.dk\/en\/wp-json\/wp\/v2\/pages\/4643","targetHints":{"allow":["GET"]}}],"collection":[{"href":"https:\/\/guideservice.dk\/en\/wp-json\/wp\/v2\/pages"}],"about":[{"href":"https:\/\/guideservice.dk\/en\/wp-json\/wp\/v2\/types\/page"}],"author":[{"embeddable":true,"href":"https:\/\/guideservice.dk\/en\/wp-json\/wp\/v2\/users\/1"}],"replies":[{"embeddable":true,"href":"https:\/\/guideservice.dk\/en\/wp-json\/wp\/v2\/comments?post=4643"}],"version-history":[{"count":53,"href":"https:\/\/guideservice.dk\/en\/wp-json\/wp\/v2\/pages\/4643\/revisions"}],"predecessor-version":[{"id":8827,"href":"https:\/\/guideservice.dk\/en\/wp-json\/wp\/v2\/pages\/4643\/revisions\/8827"}],"wp:attachment":[{"href":"https:\/\/guideservice.dk\/en\/wp-json\/wp\/v2\/media?parent=4643"}],"curies":[{"name":"wp","href":"https:\/\/api.w.org\/{rel}","templated":true}]}}