{"id":4651,"date":"2023-02-01T10:49:03","date_gmt":"2023-02-01T09:49:03","guid":{"rendered":"https:\/\/guideservice.dk\/?page_id=4651"},"modified":"2023-02-15T11:51:55","modified_gmt":"2023-02-15T10:51:55","slug":"guider-paa-sjaelland-oeer","status":"publish","type":"page","link":"https:\/\/guideservice.dk\/en\/guides-zealand-and-islands\/","title":{"rendered":"Guides on Zealand &amp; Islands"},"content":{"rendered":"<p><em><strong>Guide service on Zealand and islands cover a very wide range of guides. Find local guides in cities from Copenhagen, Roskilde and Kors\u00f8r to islands such as Lolland and Falster.<\/strong><\/em><\/p>\n\n\n<ul class=\"main-selector main-selector--sub main-selector--sub__home\">\r\n\r\n    \r\n                      \r\n          <li class=\"main-selector__item\">\r\n\r\n            \r\n            <a href=\"https:\/\/guideservice.dk\/en\/guides-in-copenhagen\/\" class=\"selector-category translation-block\">\r\n              <h3 class=\"selector-category__title\">Copenhagen &amp; Nearby<\/h3>\n\n              <figure class=\"selector-category__background\">\n                <img src=\"https:\/\/guideservice.dk\/wp-content\/uploads\/2022\/02\/amalienborg-pop-1024x683.jpg\" alt=\"\">\n              <\/figure>\r\n            <\/a>\r\n          <\/li>\r\n          \r\n                      \r\n          <li class=\"main-selector__item\">\r\n\r\n            \r\n            <a href=\"https:\/\/guideservice.dk\/en\/guides-all-zealand-and-islands\/\" class=\"selector-category translation-block\">\r\n              <h3 class=\"selector-category__title\">All Zealand &amp; Islands<\/h3>\n\n              <figure class=\"selector-category__background\">\n                <img src=\"https:\/\/guideservice.dk\/wp-content\/uploads\/2021\/12\/standard_compressed_Koebenhavn-1024x708.jpg\" alt=\"K\u00f8benhavn\">\n              <\/figure>\r\n            <\/a>\r\n          <\/li>\r\n          \r\n              \r\n        \r\n<\/ul>\r\n\n\n\n<h2 class=\"wp-block-heading\">Guides on Zealand<\/h2>\n\n\n\n<p>On Zealand and the islands our local guides are all ready to show you their most loved spots. They know the stories about the Viking Age, about the royal castles and palaces, about the countryside and the sea. Copenhagen being he capital naturally has a central role in the guide's story, if you stay in the city. But do yourself a favour - explore much more of Zealand. The island is definitely worth it.<\/p>\n\n\n\n<p>Copenhagen as well as the rest of Zealand have numerous and beautiful buildings, from lovely churches to impressive manor houses and estates. Anything from cities and very small provincial towns to Roskilde with the beautiful cathedral which is the one church in Denmark that outnumber all Danish churches when it comes to royal burials. Zealand cities are also well known in the rest of Denmark. Elsinore with Kronborg Castle is just one of them.<\/p>\n\n\n\n<p>In Copenhagen, the centre is full of the vibrant life of a capital which is felt by tourists as well as locals. On the islands Lolland-Falster the atmosphere is somewhat slower and tranquil with fantastic nature with wide views from the beautiful coasts with impressive white sand. <\/p>\n\n\n\n<h2 class=\"wp-block-heading\">Experience Zealand with a guide<\/h2>\n\n\n\n<p>Our guides on Zealand know all the details of the lovely island and they happily tell the stories.<\/p>\n\n\n\n<p class=\"translation-block\">The guides on Zealand cover many areas and activities for groups. What they all have in common is a passion for Danish history and their local stories and gems. Find inspiration for <strong><a href=\"https:\/\/guideservice.dk\/en\/guide-service-zealand\/\" target=\"_blank\" rel=\"noreferrer noopener\">guided tours on Zealand and the islands<\/a><\/strong>. Tours that our guides have predescribed. You can also ask a guide to plan your tour and together you can tailor it specifically for you and your group.<\/p>\n\n\n\n<p>Zealand is Denmark's largest island. Copenhagen is of course the main city on Zealand, but there are many other exciting places to visit from cities, nature, cultural institutions to museums, and there are plenty of great experiences for both children and adults.<\/p>\n\n\n\n<p>Guides on Zealand &amp; surrounding islands cover a large area and therefore our guide service Zealand has a large corps of knowledgeable guides. You can read more about the individual guides on their profiles. You can see which languages they guide in, which areas and cities and which training courses each guide has passed. You can choose between many languages. <\/p>\n\n\n\n<p>Guider service Zealand offers activities for groups and individuals. There are tours on offer for you to experience a large number of wonderful Zealand cities, such as Roskilde, Ringsted, K\u00f8ge, Gilleleje, Kors\u00f8r, Vordingborg, Lejre, Sor\u00f8 and many more. Furthermore we have guides for you on the islands Lolland, M\u00f8n and Om\u00f8. The guides can do guided tours in towns and cities, historical walks, bike tours, walking tours and coach tours. You will find plenty of activities to choose from, whether you want to do a tour with your family, your class, an association, a company or even on your own, for just your own pleasure.<\/p>\n\n\n\n<p class=\"translation-block\">Are you looking for\u00a0<strong><a href=\"https:\/\/guideservice.dk\/en\/guides-in-copenhagen\/\" target=\"_blank\" rel=\"noreferrer noopener\">guides in Copenhagen<\/a><\/strong>, we have compiled an overview of the Copenhagen guides including guides in the surrounding area.<\/p>\n\n\n\n<p><strong>We are happy to say visit Zealand with Guide Service Denmark and our guide service Zealand<\/strong>.<\/p>","protected":false},"excerpt":{"rendered":"<p>Guideservice p\u00e5 Sj\u00e6lland og \u00f8er d\u00e6kker meget bredt. Der er lokale guider i rigtig mange byer lige fra K\u00f8benhavn, Roskilde og Kors\u00f8r til \u00f8er som Lolland og Falster. Guider p\u00e5 Sj\u00e6lland P\u00e5 Sj\u00e6lland og \u00f8erne st\u00e5r vores lokale guider klar til at fort\u00e6lle. Der er fort\u00e6llinger om vikingetiden, om kongeslotte og borge, om land og vand. K\u00f8benhavn som hovedstad har selvf\u00f8lgelig en central rolle i guidernes fort\u00e6lling, hvis alts\u00e5 ikke du bev\u00e6ger dig v\u00e6k fra storbyen. B\u00e5de i K\u00f8benhavn og&#8230;<\/p>\n<p class=\"read-more\"><a class=\"btn btn-default\" href=\"https:\/\/guideservice.dk\/en\/guides-zealand-and-islands\/\"> Read More<span class=\"screen-reader-text\">  Read More<\/span><\/a><\/p>","protected":false},"author":1,"featured_media":0,"parent":0,"menu_order":0,"comment_status":"closed","ping_status":"closed","template":"template-parts\/page-home.php","meta":{"om_disable_all_campaigns":false,"inline_featured_image":false,"_uag_custom_page_level_css":"","_monsterinsights_skip_tracking":false,"_monsterinsights_sitenote_active":false,"_monsterinsights_sitenote_note":"","_monsterinsights_sitenote_category":0,"_uf_show_specific_survey":0,"_uf_disable_surveys":false,"footnotes":""},"class_list":["post-4651","page","type-page","status-publish","hentry"],"acf":[],"aioseo_notices":[],"uagb_featured_image_src":{"full":false,"thumbnail":false,"medium":false,"medium_large":false,"large":false,"1536x1536":false,"2048x2048":false,"trp-custom-language-flag":false,"post-thumbnail":false,"nisarg-full-width":false,"sow-carousel-default":false},"uagb_author_info":{"display_name":"admin","author_link":"https:\/\/guideservice.dk\/en\/author\/jonas_ba13346b\/"},"uagb_comment_info":0,"uagb_excerpt":"Guideservice p\u00e5 Sj\u00e6lland og \u00f8er d\u00e6kker meget bredt. Der er lokale guider i rigtig mange byer lige fra K\u00f8benhavn, Roskilde og Kors\u00f8r til \u00f8er som Lolland og Falster. Guider p\u00e5 Sj\u00e6lland P\u00e5 Sj\u00e6lland og \u00f8erne st\u00e5r vores lokale guider klar til at fort\u00e6lle. Der er fort\u00e6llinger om vikingetiden, om kongeslotte og borge, om land og&hellip;","_links":{"self":[{"href":"https:\/\/guideservice.dk\/en\/wp-json\/wp\/v2\/pages\/4651","targetHints":{"allow":["GET"]}}],"collection":[{"href":"https:\/\/guideservice.dk\/en\/wp-json\/wp\/v2\/pages"}],"about":[{"href":"https:\/\/guideservice.dk\/en\/wp-json\/wp\/v2\/types\/page"}],"author":[{"embeddable":true,"href":"https:\/\/guideservice.dk\/en\/wp-json\/wp\/v2\/users\/1"}],"replies":[{"embeddable":true,"href":"https:\/\/guideservice.dk\/en\/wp-json\/wp\/v2\/comments?post=4651"}],"version-history":[{"count":22,"href":"https:\/\/guideservice.dk\/en\/wp-json\/wp\/v2\/pages\/4651\/revisions"}],"predecessor-version":[{"id":5640,"href":"https:\/\/guideservice.dk\/en\/wp-json\/wp\/v2\/pages\/4651\/revisions\/5640"}],"wp:attachment":[{"href":"https:\/\/guideservice.dk\/en\/wp-json\/wp\/v2\/media?parent=4651"}],"curies":[{"name":"wp","href":"https:\/\/api.w.org\/{rel}","templated":true}]}}