{"id":5085,"date":"2023-02-06T10:00:59","date_gmt":"2023-02-06T09:00:59","guid":{"rendered":"https:\/\/guideservice.dk\/?page_id=5085"},"modified":"2023-03-07T17:11:00","modified_gmt":"2023-03-07T16:11:00","slug":"dansk-guideservice-udland","status":"publish","type":"page","link":"https:\/\/guideservice.dk\/en\/danish-speaking-guide-service\/","title":{"rendered":"Danish-Speaking Guide Service Around the World"},"content":{"rendered":"<p><strong><em>Would you like your visitors to listen to a Danish-speaking guide, their mother tongue? This is where you find the guides and their guided tours. Be inspired by their suggestions for guided tours with a Danish-speaking guide.<\/em><\/strong><\/p>\n\n\n\r\n  \r\n      \r\n        \r\n            <? \/\/ List ?> \r\n\r\n                        <div>\r\n\r\n            \r\n            <div class=\"filter-container\" id=\"tourListOverview\">\r\n                <ul class=\"filter\">\r\n                  <li class=\"filter__item\">\r\n                    <input class=\"input\" id=\"tourInput\" type=\"search\" placeholder=\"Where do you want to go?\">\r\n                    <div class=\"btn\">\r\n                      <button class=\"btn__link\" data-uri=\"https:\/\/guideservice.dk\/wp-content\/themes\/nisarg-child\" data-locale=\"2\" data-endpoint=\"https:\/\/www.guideservicedanmark.dk\/custom\/0000000585\/api\/items\/?userKey=&#038;case=searchTour&#038;extraKeyword=danskudland&#038;languageId=2&#038;country=-44\" id=\"tourSearch\">Search<\/button>\r\n                    <\/div>\r\n                  <\/li>\r\n                  <li class=\"filter__item filter__item--last\">\r\n                    <span>Sort:<\/span>\r\n                    <span>\r\n                      <select class=\"input\" id=\"tourSort\">\r\n                        <option value=\"\">Random<\/option>\r\n                        <option value=\"name\">Alfabetisk<\/option>\r\n                        <option value=\"video\">Video<\/option>\r\n                      <\/select>\r\n                    <\/span>\r\n                  <\/li>\r\n                <\/ul>\r\n              <\/div>\r\n\r\n              <ul id=\"tourList\" class=\"tour-container\" data-tag=\"danskudland\">\r\n\r\n                \r\n                  \r\n                  <li class=\"tour-container__item tour-container__item--large\">\r\n                    <a class=\"tour\" href=\"https:\/\/guideservice.dk\/en\/tour\/guided-city-walk-in-malmo\">\r\n                      <section class=\"tour__content\">\r\n\r\n                        <h2 class=\"tour__title tour__title--large\">City walk in Malm\u00f6<\/h2>\r\n\r\n                        <div class=\"tour__desc tour__desc--full\">\r\n                          <p><strong>We&#39;ll walk in the old town and I&#39;ll tell you about the historical places and houses.<\/strong><\/p><p>The tour ends by the castle Malm&ouml;hus, a castle with a fascinating history.<\/p>                        <\/div>\r\n\r\n                        <ul class=\"tour__langs\">\r\n                                                      <li>\r\n                              <button class=\"__gotoTourBtn\" href=\"https:\/\/guideservice.dk\/tur\/byvandring-i-malmoe#TRPLINKPROCESSED\">\r\n                                <img decoding=\"async\" title=\"Danish\" src=\"https:\/\/www.guideservicedanmark.dk\/grafik\/flag\/dk.gif\" alt=\"Danish\">\r\n                              <\/button>\r\n                            <\/li>\r\n                                                      <li>\r\n                              <button class=\"__gotoTourBtn\" href=\"https:\/\/guideservice.dk\/en\/tur\/guided-city-walk-in-malmo#TRPLINKPROCESSED\">\r\n                                <img decoding=\"async\" title=\"English\" src=\"https:\/\/www.guideservicedanmark.dk\/grafik\/flag\/eng.gif\" alt=\"English\">\r\n                              <\/button>\r\n                            <\/li>\r\n                                                  <\/ul>\r\n\r\n                      <\/section>\r\n\r\n                      <figure class=\"tour__preview\">\r\n                        <img decoding=\"async\" onerror=\"this.src='https:\/\/guideservice.dk\/wp-content\/themes\/nisarg-child\/images\/gfx\/no-img-tour.png'\" src=\"https:\/\/www.guideservicedanmark.dk\/fil.asp?id=3471&#038;kode=srvOT9SIHJ&#038;imageResize=1&#038;size=600x600\" alt=\"Malm\u00f6\">\r\n                      <\/figure>\r\n\r\n                    <\/a>\r\n                  <\/li>\r\n\r\n                \r\n                  \r\n                  <li class=\"tour-container__item tour-container__item--small\">\r\n                    <a class=\"tour\" href=\"https:\/\/guideservice.dk\/en\/tour\/guided-tour-gothenburg-where-history-meets-charm\">\r\n                      <section class=\"tour__content\">\r\n\r\n                        <h2 class=\"tour__title\">Gothenburg: Where History Meets Charm<\/h2>\r\n\r\n                        <div class=\"tour__desc\">\r\n                          <p>I will give an exciting and engaging introduction to the Gothenburg history and charms on our walking tour through the city centre<\/p>                        <\/div>\r\n\r\n                        <ul class=\"tour__langs\">\r\n                                                      <li>\r\n                              <button class=\"__gotoTourBtn\" href=\"https:\/\/guideservice.dk\/tur\/byvandring-smukke-historiske-goeteborg#TRPLINKPROCESSED\">\r\n                                <img decoding=\"async\" title=\"Danish\" src=\"https:\/\/www.guideservicedanmark.dk\/grafik\/flag\/dk.gif\" alt=\"Danish\">\r\n                              <\/button>\r\n                            <\/li>\r\n                                                  <\/ul>\r\n\r\n                      <\/section>\r\n\r\n                      <figure class=\"tour__preview\">\r\n                        <img decoding=\"async\" onerror=\"this.src='https:\/\/guideservice.dk\/wp-content\/themes\/nisarg-child\/images\/gfx\/no-img-tour.png'\" src=\"https:\/\/www.guideservicedanmark.dk\/fil.asp?id=6072&#038;kode=M74fHQrEvq&#038;imageResize=1&#038;size=600x600\" alt=\"Gothemburg\">\r\n                      <\/figure>\r\n\r\n                    <\/a>\r\n                  <\/li>\r\n\r\n                \r\n                  \r\n                  <li class=\"tour-container__item tour-container__item--small tour-push\">\r\n                    <a class=\"tour\" href=\"https:\/\/guideservice.dk\/en\/tour\/guided-tour-lund\">\r\n                      <section class=\"tour__content\">\r\n\r\n                        <h2 class=\"tour__title\">Lovely City Walk in Lund<\/h2>\r\n\r\n                        <div class=\"tour__desc\">\r\n                          <p>A delightful walking tour in Lund with everything your heart could wish for<\/p>                        <\/div>\r\n\r\n                        <ul class=\"tour__langs\">\r\n                                                      <li>\r\n                              <button class=\"__gotoTourBtn\" href=\"https:\/\/guideservice.dk\/tur\/guidet-byvandring-lund#TRPLINKPROCESSED\">\r\n                                <img decoding=\"async\" title=\"Danish\" src=\"https:\/\/www.guideservicedanmark.dk\/grafik\/flag\/dk.gif\" alt=\"Danish\">\r\n                              <\/button>\r\n                            <\/li>\r\n                                                      <li>\r\n                              <button class=\"__gotoTourBtn\" href=\"https:\/\/guideservice.dk\/en\/tur\/guided-tour-lund#TRPLINKPROCESSED\">\r\n                                <img decoding=\"async\" title=\"English\" src=\"https:\/\/www.guideservicedanmark.dk\/grafik\/flag\/eng.gif\" alt=\"English\">\r\n                              <\/button>\r\n                            <\/li>\r\n                                                  <\/ul>\r\n\r\n                      <\/section>\r\n\r\n                      <figure class=\"tour__preview\">\r\n                        <img decoding=\"async\" onerror=\"this.src='https:\/\/guideservice.dk\/wp-content\/themes\/nisarg-child\/images\/gfx\/no-img-tour.png'\" src=\"https:\/\/www.guideservicedanmark.dk\/fil.asp?id=788&#038;kode=XW0joEndce&#038;imageResize=1&#038;size=600x600\" alt=\"Lund\">\r\n                      <\/figure>\r\n\r\n                    <\/a>\r\n                  <\/li>\r\n\r\n                              <\/ul>\r\n            <\/div>\r\n\r\n            \r\n          \r\n\r\n      \r\n    \r\n\r\n\n\n\n<h2 class=\"wp-block-heading\">Danish-speaking guides<\/h2>\n\n\n\n<p>To visit a new destination it can be a challenge to find and get to know  the quirky places, the funny and different stories. Stories that only those who live in the country know. Let a local guide reveal the magic of the destination.<\/p>\n\n\n\n<p><strong><strong>We are happy to say visit the world with Guide Service Denmark and our Danish-speaking guide service.<\/strong><\/strong><\/p>","protected":false},"excerpt":{"rendered":"<p>Vil du ogs\u00e5 gerne h\u00f8re fort\u00e6llingen om det sted du bes\u00f8ger p\u00e5 dit modersm\u00e5l? S\u00e5 er du p\u00e5 det rigtige sted. Lad dig inspirere til gode oplevelser med danske guider. Andre lande &#8211; guidede ture med dansk guide P\u00e5 ferie i udlandet kan oplevelsen blive en helt anden, n\u00e5r du kender de finurlige steder, de sjove og anderledes historier. Historier, som kun de, der bor i landet kender. Og som de er de helt rigtige til at fort\u00e6lle om. Vi&#8230;<\/p>\n<p class=\"read-more\"><a class=\"btn btn-default\" href=\"https:\/\/guideservice.dk\/en\/danish-speaking-guide-service\/\"> Read More<span class=\"screen-reader-text\">  Read More<\/span><\/a><\/p>","protected":false},"author":1,"featured_media":0,"parent":0,"menu_order":0,"comment_status":"closed","ping_status":"closed","template":"template-parts\/tour-showTours.php","meta":{"om_disable_all_campaigns":false,"inline_featured_image":false,"_uag_custom_page_level_css":"","_monsterinsights_skip_tracking":false,"_monsterinsights_sitenote_active":false,"_monsterinsights_sitenote_note":"","_monsterinsights_sitenote_category":0,"_uf_show_specific_survey":0,"_uf_disable_surveys":false,"footnotes":""},"class_list":["post-5085","page","type-page","status-publish","hentry"],"acf":[],"aioseo_notices":[],"uagb_featured_image_src":{"full":false,"thumbnail":false,"medium":false,"medium_large":false,"large":false,"1536x1536":false,"2048x2048":false,"trp-custom-language-flag":false,"post-thumbnail":false,"nisarg-full-width":false,"sow-carousel-default":false},"uagb_author_info":{"display_name":"admin","author_link":"https:\/\/guideservice.dk\/en\/author\/jonas_ba13346b\/"},"uagb_comment_info":0,"uagb_excerpt":"Vil du ogs\u00e5 gerne h\u00f8re fort\u00e6llingen om det sted du bes\u00f8ger p\u00e5 dit modersm\u00e5l? S\u00e5 er du p\u00e5 det rigtige sted. Lad dig inspirere til gode oplevelser med danske guider. Andre lande &#8211; guidede ture med dansk guide P\u00e5 ferie i udlandet kan oplevelsen blive en helt anden, n\u00e5r du kender de finurlige steder, de&hellip;","_links":{"self":[{"href":"https:\/\/guideservice.dk\/en\/wp-json\/wp\/v2\/pages\/5085","targetHints":{"allow":["GET"]}}],"collection":[{"href":"https:\/\/guideservice.dk\/en\/wp-json\/wp\/v2\/pages"}],"about":[{"href":"https:\/\/guideservice.dk\/en\/wp-json\/wp\/v2\/types\/page"}],"author":[{"embeddable":true,"href":"https:\/\/guideservice.dk\/en\/wp-json\/wp\/v2\/users\/1"}],"replies":[{"embeddable":true,"href":"https:\/\/guideservice.dk\/en\/wp-json\/wp\/v2\/comments?post=5085"}],"version-history":[{"count":10,"href":"https:\/\/guideservice.dk\/en\/wp-json\/wp\/v2\/pages\/5085\/revisions"}],"predecessor-version":[{"id":5819,"href":"https:\/\/guideservice.dk\/en\/wp-json\/wp\/v2\/pages\/5085\/revisions\/5819"}],"wp:attachment":[{"href":"https:\/\/guideservice.dk\/en\/wp-json\/wp\/v2\/media?parent=5085"}],"curies":[{"name":"wp","href":"https:\/\/api.w.org\/{rel}","templated":true}]}}