{"id":5554,"date":"2023-02-13T13:19:06","date_gmt":"2023-02-13T12:19:06","guid":{"rendered":"https:\/\/guideservice.dk\/?page_id=5554"},"modified":"2026-03-23T16:56:41","modified_gmt":"2026-03-23T15:56:41","slug":"book-nu","status":"publish","type":"page","link":"https:\/\/guideservice.dk\/en\/book-now\/","title":{"rendered":"Book now"},"content":{"rendered":"<p><strong><em>Bring your experience to life \u2013 book a guide, tour manager, or speaker<\/em><\/strong><\/p>\n\n\n\n<p>At Guideservice Danmark, it\u2019s easy to book the right expert for your next experience. Whether you\u2019re looking for a guide for an exciting tour, an experienced tour leader for your group trip, or a speaker with something meaningful to share \u2013 you\u2019ve come to the right place.<\/p>\n\n\n\n<div class=\"wp-block-group\"><div class=\"wp-block-group__inner-container is-layout-constrained wp-block-group-is-layout-constrained\">\n<h2 class=\"wp-block-heading\">Guided tours<\/h2>\n\n\n\n<p>Discover cities, nature, or historic sites with a skilled local guide. We have hundreds of guides ready\u2014each with their own special knowledge and storytelling style.<\/p>\n\n\n\n<div class=\"wp-block-group is-vertical is-layout-flex wp-container-core-group-is-layout-8cf370e7 wp-block-group-is-layout-flex\">\n<p>Looking for inspiration for your next experience? Explore our many exciting tour suggestions\u2014there\u2019s something for every taste, whether you enjoy city walks, nature, history, or something completely different. Click the button and find your next guided adventure.<\/p>\n\n\n\n<div class=\"wp-block-buttons is-layout-flex wp-block-buttons-is-layout-flex\">\n<div class=\"wp-block-button\"><a class=\"wp-block-button__link wp-element-button\" href=\"https:\/\/guideservice.dk\/en\/find-your-guided-tour\/\" target=\"_blank\" rel=\"noreferrer noopener\">Find a tour<\/a><\/div>\n<\/div>\n<\/div>\n\n\n\n<div class=\"wp-block-group is-vertical is-layout-flex wp-container-core-group-is-layout-8cf370e7 wp-block-group-is-layout-flex\">\n<p>Already know where you want to go? You can easily find guides who know the area and have the right expertise and storytelling skills. Click the button below to see which guides are available for the place you want to explore\u2014and choose the guide who best matches your group and interests.<\/p>\n\n\n\n<div class=\"wp-block-buttons is-layout-flex wp-block-buttons-is-layout-flex\">\n<div class=\"wp-block-button\"><a class=\"wp-block-button__link wp-element-button\" href=\"https:\/\/guideservice.dk\/en\/find-a-guide\/\" target=\"_blank\" rel=\"noreferrer noopener\">Find a guide<\/a><\/div>\n<\/div>\n<\/div>\n\n\n\n<div class=\"wp-block-group is-vertical is-layout-flex wp-container-core-group-is-layout-8cf370e7 wp-block-group-is-layout-flex\">\n<p>If you haven\u2019t found the perfect tour among our regular offerings, we\u2019re happy to help create a trip tailored to your exact wishes. Click the button below and tell us what you dream of \u2014 together we\u2019ll find the right guide and customize the experience just for you.<\/p>\n\n\n\n<div class=\"wp-block-uagb-buttons uagb-buttons__outer-wrap uagb-btn__default-btn uagb-btn-tablet__default-btn uagb-btn-mobile__default-btn uagb-block-21a4f0df\"><div class=\"uagb-buttons__wrap uagb-buttons-layout-wrap\">\n<div class=\"wp-block-uagb-buttons-child uagb-buttons__outer-wrap uagb-block-b13f1b05 wp-block-button\"><div class=\"uagb-button__wrapper\"><a class=\"uagb-buttons-repeater wp-block-button__link\" aria-label=\"\" href=\"https:\/\/guideservice.dk\/en\/tour\/turforslag-booking-manager-mette-berrig\/?booking=2052&amp;q=\/turforslag-booking-manager-mette-berrig\" rel=\"follow noopener\" target=\"_self\" role=\"button\"><div class=\"uagb-button__link\">Lad os v\u00e6lge guide til din tur<\/div><\/a><\/div><\/div>\n\n\n\n<div class=\"wp-block-uagb-buttons-child uagb-buttons__outer-wrap uagb-block-309e7371 wp-block-button\"><div class=\"uagb-button__wrapper\"><a class=\"uagb-buttons-repeater wp-block-button__link\" aria-label=\"\" href=\"https:\/\/guideservice.dk\/en\/faa-et-tilbud\/\" rel=\"follow noopener\" target=\"_self\" role=\"button\"><div class=\"uagb-button__link\">Get a quote<\/div><\/a><\/div><\/div>\n<\/div><\/div>\n<\/div>\n<\/div><\/div>\n\n\n\n<div class=\"wp-block-group\"><div class=\"wp-block-group__inner-container is-layout-constrained wp-block-group-is-layout-constrained\">\n<h2 class=\"wp-block-heading\">Tour managers<\/h2>\n\n\n\n<p>Do you need a Danish-speaking tour manager for your trip\u2014whether in Denmark or abroad? Our freelance tour leaders ensure safety, overview, and personal attention every step of the way.<\/p>\n\n\n\n<div class=\"wp-block-buttons is-layout-flex wp-block-buttons-is-layout-flex\">\n<div class=\"wp-block-button\"><a class=\"wp-block-button__link wp-element-button\" href=\"https:\/\/www.guideservicedanmark.dk\/bookingsystem\/?1=1&amp;bookType=kategori&amp;bookId=2055&amp;toAll=1\" target=\"_blank\" rel=\"noreferrer noopener\">Book a tour manager<\/a><\/div>\n<\/div>\n<\/div><\/div>\n\n\n\n<div class=\"wp-block-group\"><div class=\"wp-block-group__inner-container is-layout-constrained wp-block-group-is-layout-constrained\">\n<h2 class=\"wp-block-heading\">Lectures<\/h2>\n\n\n\n<p>Are you looking for a lively talk for your event? Our freelance speakers offer fascinating presentations and historical stories about cultural life in both rural and urban settings, from Denmark and abroad.<\/p>\n\n\n\n<div class=\"wp-block-buttons is-layout-flex wp-block-buttons-is-layout-flex\">\n<div class=\"wp-block-button\"><a class=\"wp-block-button__link wp-element-button\" href=\"https:\/\/www.guideservicedanmark.dk\/bookingsystem\/?1=1&amp;bookType=kategori&amp;bookId=2054&amp;toAll=1\" target=\"_blank\" rel=\"noreferrer noopener\">Book a lecture<\/a><\/div>\n<\/div>\n<\/div><\/div>\n\n\n\n<p><\/p>\n\n\n\n<p><\/p>","protected":false},"excerpt":{"rendered":"<p>G\u00f8r oplevelsen levende \u2013 book en guide, rejseleder eller foredragsholder Hos Guideservice Danmark er det nemt booke den rette formidler til jeres n\u00e6ste oplevelse. Hvad enten I s\u00f8ger en guide til en sp\u00e6ndende tur, en erfaren rejseleder til grupperejsen eller en foredragsholder med noget p\u00e5 hjerte \u2013 s\u00e5 er du landet det rigtige sted. Guidede ture Oplev byer, natur eller historiske steder sammen med en dygtig lokal guide. Vi har flere hundrede guider klar &#8211; hver med deres s\u00e6rlige viden&#8230;<\/p>\n<p class=\"read-more\"><a class=\"btn btn-default\" href=\"https:\/\/guideservice.dk\/en\/book-now\/\"> Read More<span class=\"screen-reader-text\">  Read More<\/span><\/a><\/p>","protected":false},"author":1,"featured_media":0,"parent":0,"menu_order":0,"comment_status":"closed","ping_status":"closed","template":"template-parts\/page-home.php","meta":{"om_disable_all_campaigns":false,"inline_featured_image":false,"_uag_custom_page_level_css":"","_monsterinsights_skip_tracking":false,"_monsterinsights_sitenote_active":false,"_monsterinsights_sitenote_note":"","_monsterinsights_sitenote_category":0,"_uf_show_specific_survey":0,"_uf_disable_surveys":false,"footnotes":""},"class_list":["post-5554","page","type-page","status-publish","hentry"],"acf":[],"aioseo_notices":[],"uagb_featured_image_src":{"full":false,"thumbnail":false,"medium":false,"medium_large":false,"large":false,"1536x1536":false,"2048x2048":false,"trp-custom-language-flag":false,"post-thumbnail":false,"nisarg-full-width":false,"sow-carousel-default":false},"uagb_author_info":{"display_name":"admin","author_link":"https:\/\/guideservice.dk\/en\/author\/jonas_ba13346b\/"},"uagb_comment_info":0,"uagb_excerpt":"G\u00f8r oplevelsen levende \u2013 book en guide, rejseleder eller foredragsholder Hos Guideservice Danmark er det nemt booke den rette formidler til jeres n\u00e6ste oplevelse. Hvad enten I s\u00f8ger en guide til en sp\u00e6ndende tur, en erfaren rejseleder til grupperejsen eller en foredragsholder med noget p\u00e5 hjerte \u2013 s\u00e5 er du landet det rigtige sted. Guidede&hellip;","_links":{"self":[{"href":"https:\/\/guideservice.dk\/en\/wp-json\/wp\/v2\/pages\/5554","targetHints":{"allow":["GET"]}}],"collection":[{"href":"https:\/\/guideservice.dk\/en\/wp-json\/wp\/v2\/pages"}],"about":[{"href":"https:\/\/guideservice.dk\/en\/wp-json\/wp\/v2\/types\/page"}],"author":[{"embeddable":true,"href":"https:\/\/guideservice.dk\/en\/wp-json\/wp\/v2\/users\/1"}],"replies":[{"embeddable":true,"href":"https:\/\/guideservice.dk\/en\/wp-json\/wp\/v2\/comments?post=5554"}],"version-history":[{"count":54,"href":"https:\/\/guideservice.dk\/en\/wp-json\/wp\/v2\/pages\/5554\/revisions"}],"predecessor-version":[{"id":9808,"href":"https:\/\/guideservice.dk\/en\/wp-json\/wp\/v2\/pages\/5554\/revisions\/9808"}],"wp:attachment":[{"href":"https:\/\/guideservice.dk\/en\/wp-json\/wp\/v2\/media?parent=5554"}],"curies":[{"name":"wp","href":"https:\/\/api.w.org\/{rel}","templated":true}]}}