{"id":7734,"date":"2025-12-19T17:06:05","date_gmt":"2025-12-19T16:06:05","guid":{"rendered":"https:\/\/guideservice.dk\/?page_id=7734"},"modified":"2026-03-27T13:54:01","modified_gmt":"2026-03-27T12:54:01","slug":"guideuddannelsen","status":"publish","type":"page","link":"https:\/\/guideservice.dk\/en\/guideuddannelsen\/","title":{"rendered":"Guideuddannelsen"},"content":{"rendered":"<h2 class=\"wp-block-heading\">Bliv stemmen, der v\u00e6kker historien til live \u2013 Bliv professionel guide<\/h2>\n\n\n\n<p><em>G\u00f8r din viden om dit lokalomr\u00e5de til din levevej. Som guide er du brobyggeren mellem fortid og nutid, og du skaber oplevelser, g\u00e6sterne husker l\u00e6nge efter, de er kommet hjem.<\/em><\/p>\n\n\n\n<div class=\"wp-block-uagb-image uagb-block-5cff6944 wp-block-uagb-image--layout-default wp-block-uagb-image--effect-static wp-block-uagb-image--align-none\"><figure class=\"wp-block-uagb-image__figure\"><img decoding=\"async\" srcset=\"https:\/\/guideservice.dk\/wp-content\/uploads\/2025\/03\/Unavngivet-15.png ,https:\/\/guideservice.dk\/wp-content\/uploads\/2025\/03\/Unavngivet-15.png 780w, https:\/\/guideservice.dk\/wp-content\/uploads\/2025\/03\/Unavngivet-15.png 360w\" sizes=\"auto, (max-width: 480px) 150px\" src=\"https:\/\/guideservice.dk\/wp-content\/uploads\/2025\/03\/Unavngivet-15.png\" alt=\"Med guide p\u00e5 tur\" class=\"uag-image-8492\" width=\"983\" height=\"500\" title=\"Byvandring i Odense\" loading=\"lazy\" role=\"img\"\/><\/figure><\/div>\n\n\n\n<h4 class=\"wp-block-heading\">Det perfekte freelance-liv<\/h4>\n\n\n\n<p>Guideuddannelsen er skr\u00e6ddersyet til dig, der \u00f8nsker et meningsfuldt og fleksibelt job, som kan kombineres med en anden karriere. Du elsker at fort\u00e6lle historier og trives med at v\u00e6re &#8220;p\u00e5&#8221;, uanset om det er for en mindre gruppe p\u00e5 en byvandring eller en busfuld turister.<\/p>\n\n\n\n<div class=\"wp-block-uagb-buttons uagb-buttons__outer-wrap uagb-btn__default-btn uagb-btn-tablet__default-btn uagb-btn-mobile__default-btn uagb-block-f2491a49\"><div class=\"uagb-buttons__wrap uagb-buttons-layout-wrap\">\n<div class=\"wp-block-uagb-buttons-child uagb-buttons__outer-wrap uagb-block-4dd46265 wp-block-button\"><div class=\"uagb-button__wrapper\"><a class=\"uagb-buttons-repeater wp-block-button__link\" aria-label=\"\" href=\"https:\/\/www.guideservicedanmark.dk\/?type=form&amp;id=29&amp;popup=1\" rel=\"follow noopener\" target=\"_blank\" role=\"button\"><div class=\"uagb-button__link\">Tilmeld dig Guideuddannelsen her<\/div><\/a><\/div><\/div>\n<\/div><\/div>\n\n\n\n<div class=\"wp-block-uagb-separator uagb-block-3a2c1932\"><div class=\"wp-block-uagb-separator__inner\" style=\"--my-background-image:\"><\/div><\/div>\n\n\n\n<h3 class=\"wp-block-heading\">Hvad l\u00e6rer du?<\/h3>\n\n\n\n<p>Gennem en kombination af teori i Odense og praksis i Odense og dit eget n\u00e6romr\u00e5de, ruster vi dig til at guide en gruppe eller til at st\u00e5 med mikrofonen i h\u00e5nden.<\/p>\n\n\n\n<ul class=\"wp-block-list\">\n<li><strong>Levende formidling:<\/strong> Hvordan du fastholder opm\u00e6rksomheden og underholder.<\/li>\n\n\n\n<li><strong>Manuskript &amp; Research:<\/strong> Fra t\u00f8rre fakta til f\u00e6ngslende fort\u00e6llinger.<\/li>\n\n\n\n<li><strong>Det professionelle v\u00e6rtskab:<\/strong> H\u00e5ndtering af g\u00e6ster, sprog og uforudsete situationer.<\/li>\n\n\n\n<li><strong>Samarbejdets kunst:<\/strong> Hvordan du arbejder sammen med chauff\u00f8rer og gruppeledere.<\/li>\n<\/ul>\n\n\n\n<h3 class=\"wp-block-heading\">Praktisk forl\u00f8b (Learning-by-doing)<\/h3>\n\n\n\n<p>Vi tror ikke p\u00e5 t\u00f8r tavleundervisning alene. Du f\u00e5r lov at beg\u00e5 de &#8220;uundg\u00e5elige begynderfejl&#8221; i trygge rammer, s\u00e5 du er knivskarp, n\u00e5r det g\u00e6lder.<\/p>\n\n\n\n<ul class=\"wp-block-list\">\n<li><strong>Teori:<\/strong> 3 intensive dage i Odense.<\/li>\n\n\n\n<li><strong>Praksis:<\/strong> Lokale tr\u00e6ningsdage eller f\u00e6lles praktik p\u00e5 Fyn.<\/li>\n\n\n\n<li><strong>Hjemmearbejde:<\/strong> Forberedelse, der ligner den virkelighed, du m\u00f8der som guide.<\/li>\n<\/ul>\n\n\n\n<p>Undervisningsdagene foreg\u00e5r som dialog om det stof, du har arbejdet med hjemme, \u00f8velser i samarbejde og pr\u00e6sentationsteknik \u2013 ligeledes baseret p\u00e5 den forberedelse, du har lavet hjemmefra. Vi foresl\u00e5r, at du afs\u00e6tter god tid i forberedelsesfasen, helst dagligt. P\u00e5 den m\u00e5de fordyber du dig gradvist i stoffet og giver dig selv tid til at tage viden til dig.<\/p>\n\n\n\n<p>Inden du starter p\u00e5 kurset kan du med fordel begynde at dygtigg\u00f8re dig i historien lokalt, hvor du bor.<\/p>\n\n\n\n<h3 class=\"wp-block-heading\">Er det dig?<\/h3>\n\n\n\n<p>Vi leder efter dig, der er nysgerrig af natur og har et veludviklet servicegen. Du beh\u00f8ver ikke have erfaring, men du skal have mod p\u00e5 at formidle og lyst til at l\u00e6re hele livet. Sprog som tysk, engelsk, fransk, spansk, italiensk eller kinesisk er en stor fordel!<\/p>\n\n\n\n<h3 class=\"wp-block-heading\">M\u00e5lgruppe og adgangskrav<\/h3>\n\n\n\n<p>Vores kursus er m\u00e5lrettet mennesker med lyst til guidejobs p\u00e5 freelance basis. At v\u00e6re guide lokalt i Danmark er super at kombinere med en anden karriere. M\u00e5ske har du allerede en smule erfaring med at guide venner og familie, men det er ikke et krav for at komme med p\u00e5 kursus.<\/p>\n\n\n\n<p>Vi l\u00e6gger v\u00e6gt p\u00e5, at du:<\/p>\n\n\n\n<ul class=\"wp-block-list\">\n<li>Har flair for og lyst til at s\u00e6tte dig ind i fakta, historie og \u00f8vrigt stof i dit lokalomr\u00e5de<\/li>\n\n\n\n<li>har lyst, mod og personlighed til at kunne formidle p\u00e5 en letforst\u00e5elig m\u00e5de, som informerer, underholder og fastholder dine g\u00e6sters opm\u00e6rksomhed<\/li>\n\n\n\n<li>har sprog\u00f8re og kan beg\u00e5 dig professionelt p\u00e5 dine valgte sprog. Som guide i Danmark er danske, engelsk, tysk, kinesisk, italiensk, spansk gode sprog at kunne<\/li>\n\n\n\n<li>har et veludviklet servicegen og evne til at t\u00e6nke klart \u2013 ogs\u00e5 i pressede situationer<\/li>\n\n\n\n<li>har lyst og energi til at v\u00e6re sammen med mennesker f\u00e5 eller mange timer p\u00e5 en opgave<\/li>\n\n\n\n<li>ikke mindst skal du v\u00e6re god til at arbejde selvst\u00e6ndigt og samarbejde med chauff\u00f8rer, leder for gruppen etc.<\/li>\n<\/ul>\n\n\n\n<h3 class=\"wp-block-heading\">Teori<\/h3>\n\n\n\n<p>Vi h\u00f8rer typisk fra vores guider, at de efter kurset og fremefter altid er p\u00e5 udkig efter nye vinkler at fort\u00e6lle om, nye detaljer at blive kloge p\u00e5 og af og ikke mindst, at det er en konstant, livslang l\u00e6ringsproces. En guide er nysgerrig og interesseret i, hvad der sker i egen by, eget lokalomr\u00e5de og eget land og en guide skal kunne lide at fort\u00e6lle om det til g\u00e6ster fra andre kulturer. Det er en k\u00e6mpe<\/p>\n\n\n\n<h2 class=\"wp-block-heading has-medium-font-size\"><strong>Praktisk information<\/strong><\/h2>\n\n\n\n<p><strong>N\u00e6ste opstart er er l\u00f8rdag d. 3. oktober 2026<\/strong><\/p>\n\n\n\n<ul class=\"wp-block-list\">\n<li style=\"font-style:normal;font-weight:400\"><strong>Modul 1:<\/strong> 3. oktober 2026 kl. 10-16<\/li>\n\n\n\n<li style=\"font-style:normal;font-weight:400\"><strong>Modul 2:<\/strong> 24. oktober 2026 kl. 10-16<\/li>\n\n\n\n<li style=\"font-style:normal;font-weight:400\"><strong>Modul 3:<\/strong> 7. november2026 kl. 10-16<\/li>\n\n\n\n<li style=\"font-style:normal;font-weight:400\"><strong>Praktikdag &#8211; afslutning pr\u00f8ve:<\/strong> 28. november 2026 p\u00e5 Fyn.<\/li>\n<\/ul>\n\n\n\n<p style=\"font-style:normal;font-weight:400\"><strong>Samlet pris<\/strong>: kr. 5.995, som kan betales i to rater. Rate 1 betales straks, og rate 2 betales 8 dage f\u00f8r kursusstart.<\/p>\n\n\n\n<div class=\"wp-block-buttons is-layout-flex wp-block-buttons-is-layout-flex\">\n<div class=\"wp-block-button\"><a class=\"wp-block-button__link wp-element-button\" href=\"https:\/\/www.guideservicedanmark.dk\/?type=form&amp;id=29&amp;popup=1\">Tilmelding til guideuddannelse<\/a><\/div>\n<\/div>\n\n\n\n<p class=\"has-white-color has-text-color has-link-color wp-elements-7e4ac651328708ea719ac0894fa30934\">.<\/p>\n\n\n\n<p class=\"has-medium-font-size\" style=\"font-style:normal;font-weight:500\"><strong>For ledige<\/strong><\/p>\n\n\n\n<p>For ledige med en profil, der matcher de jobfunktioner, som guideuddannelsen er m\u00e5lrettet, er det v\u00e6rd at bem\u00e6rke, at <strong>nogle jobcentre efter en konkret vurdering kan v\u00e6re villige til at d\u00e6kke uddannelsens omkostninger<\/strong>. Det afh\u00e6nger altid af den enkelte sag og jobcentrets vurdering, men vores erfaring er, at uddannelsen i visse tilf\u00e6lde kan indg\u00e5 som et relevant opkvalificeringsforl\u00f8b.<\/p>\n\n\n\n<div class=\"wp-block-uagb-container uagb-block-b1e66a89 alignfull uagb-is-root-container\"><div class=\"uagb-container-inner-blocks-wrap\">\n<div class=\"wp-block-uagb-info-box uagb-block-57e506d5 uagb-infobox__content-wrap  uagb-infobox-icon-above-title uagb-infobox-image-valign-top\"><div class=\"uagb-ifb-content\"><div class=\"uagb-ifb-title-wrap\"><p class=\"uagb-ifb-title-prefix\">Er du i tvivl om, hvilken uddannelse der er den rette for dig?<\/p><\/div><p class=\"uagb-ifb-desc\"><br>Kontakt os for en uforpligtende snak om, hvordan vi kan hj\u00e6lpe dig med at g\u00f8re din vision til virkelighed. Vi sidder klar til at r\u00e5dgive dig om din fremtid i oplevelses\u00f8konomien.<\/p><\/div><\/div>\n\n\n\n<div class=\"wp-block-uagb-icon-list uagb-block-adaaadb7\"><div class=\"uagb-icon-list__wrap\">\n<div class=\"wp-block-uagb-icon-list-child uagb-block-165c2f68\"><a target=\"_self\" aria-label=\"+45 4156 2855\" rel=\"noopener noreferrer\" href=\"#\"> <\/a><span class=\"uagb-icon-list__source-wrap\"><svg xmlns=\"https:\/\/www.w3.org\/2000\/svg\" viewbox=\"0 0 512 512\"><path d=\"M511.2 387l-23.25 100.8c-3.266 14.25-15.79 24.22-30.46 24.22C205.2 512 0 306.8 0 54.5c0-14.66 9.969-27.2 24.22-30.45l100.8-23.25C139.7-2.602 154.7 5.018 160.8 18.92l46.52 108.5c5.438 12.78 1.77 27.67-8.98 36.45L144.5 207.1c33.98 69.22 90.26 125.5 159.5 159.5l44.08-53.8c8.688-10.78 23.69-14.51 36.47-8.975l108.5 46.51C506.1 357.2 514.6 372.4 511.2 387z\"><\/path><\/svg><\/span><span class=\"uagb-icon-list__label\">+45 4156 2855<\/span><\/div>\n\n\n\n<div class=\"wp-block-uagb-icon-list-child uagb-block-42475176\"><span class=\"uagb-icon-list__source-wrap\"><svg xmlns=\"https:\/\/www.w3.org\/2000\/svg\" viewbox=\"0 0 512 512\"><path d=\"M464 64C490.5 64 512 85.49 512 112C512 127.1 504.9 141.3 492.8 150.4L275.2 313.6C263.8 322.1 248.2 322.1 236.8 313.6L19.2 150.4C7.113 141.3 0 127.1 0 112C0 85.49 21.49 64 48 64H464zM217.6 339.2C240.4 356.3 271.6 356.3 294.4 339.2L512 176V384C512 419.3 483.3 448 448 448H64C28.65 448 0 419.3 0 384V176L217.6 339.2z\"><\/path><\/svg><\/span><span class=\"uagb-icon-list__label\">info@guideservicedanmark.dk<\/span><\/div>\n<\/div><\/div>\n<\/div><\/div>\n\n\n\n<div class=\"wp-block-uagb-info-box uagb-block-78e3d4c2 uagb-infobox__content-wrap  uagb-infobox-icon-above-title uagb-infobox-image-valign-top wp-block-uagb-info-box--has-margin\"><div class=\"uagb-infobox-margin-wrapper\"><div class=\"uagb-ifb-content\"><div class=\"uagb-ifb-icon-wrap\"><svg xmlns=\"https:\/\/www.w3.org\/2000\/svg\" viewbox=\"0 0 512 512\"><path d=\"M256 0C114.6 0 0 114.6 0 256s114.6 256 256 256s256-114.6 256-256S397.4 0 256 0zM256 400c-18 0-32-14-32-32s13.1-32 32-32c17.1 0 32 14 32 32S273.1 400 256 400zM325.1 258L280 286V288c0 13-11 24-24 24S232 301 232 288V272c0-8 4-16 12-21l57-34C308 213 312 206 312 198C312 186 301.1 176 289.1 176h-51.1C225.1 176 216 186 216 198c0 13-11 24-24 24s-24-11-24-24C168 159 199 128 237.1 128h51.1C329 128 360 159 360 198C360 222 347 245 325.1 258z\"><\/path><\/svg><\/div><div class=\"uagb-ifb-title-wrap\"><h3 class=\"uagb-ifb-title\"><strong><strong>Guide eller rejseleder \u2013 hvad er forskellen?<\/strong><\/strong><\/h3><\/div><p class=\"uagb-ifb-desc\">Er du i tvivl om, hvilken rolle der passer bedst til dig? Her kan du blive klogere p\u00e5 forskellen mellem at <br> arbejde som guide og som guidende rejseleder \u2013 og finde ud af, hvilken vej der matcher dine kompetencer, interesser og ambitioner bedst. <br>S\u00e5 l\u00e6s mere om&nbsp;<a href=\"https:\/\/guideservice.dk\/en\/types-of-guides\/\"><strong>forskellen p\u00e5 en guide og en guidende rejseleder her<\/strong>.<\/a><br><br>Hvis du kunne t\u00e6nke dig at rejse ud med g\u00e6ster p\u00e5 l\u00e6ngere tur, s\u00e5 uddanner vi ogs\u00e5 rejseledere.<\/p><\/div><\/div><\/div>\n\n\n\n<div class=\"wp-block-uagb-buttons uagb-buttons__outer-wrap uagb-btn__default-btn uagb-btn-tablet__default-btn uagb-btn-mobile__default-btn uagb-block-5e47628b\"><div class=\"uagb-buttons__wrap uagb-buttons-layout-wrap\">\n<div class=\"wp-block-uagb-buttons-child uagb-buttons__outer-wrap uagb-block-9e748582 wp-block-button\"><div class=\"uagb-button__wrapper\"><a class=\"uagb-buttons-repeater wp-block-button__link\" aria-label=\"\" href=\"https:\/\/guideservice.dk\/en\/guideservice-guide-rejseleder-uddannelse\/\" rel=\"follow noopener\" target=\"_blank\" role=\"button\"><div class=\"uagb-button__link\">L\u00e6s om vores guide- og rejselederuddannelse her<\/div><\/a><\/div><\/div>\n<\/div><\/div>\n\n\n\n<p><\/p>","protected":false},"excerpt":{"rendered":"<p>Bliv stemmen, der v\u00e6kker historien til live \u2013 Bliv professionel guide G\u00f8r din viden om dit lokalomr\u00e5de til din levevej. Som guide er du brobyggeren mellem fortid og nutid, og du skaber oplevelser, g\u00e6sterne husker l\u00e6nge efter, de er kommet hjem. Det perfekte freelance-liv Guideuddannelsen er skr\u00e6ddersyet til dig, der \u00f8nsker et meningsfuldt og fleksibelt job, som kan kombineres med en anden karriere. Du elsker at fort\u00e6lle historier og trives med at v\u00e6re &#8220;p\u00e5&#8221;, uanset om det er for en&#8230;<\/p>\n<p class=\"read-more\"><a class=\"btn btn-default\" href=\"https:\/\/guideservice.dk\/en\/guideuddannelsen\/\"> Read More<span class=\"screen-reader-text\">  Read More<\/span><\/a><\/p>","protected":false},"author":218,"featured_media":0,"parent":0,"menu_order":0,"comment_status":"closed","ping_status":"closed","template":"template-parts\/page-home.php","meta":{"om_disable_all_campaigns":false,"inline_featured_image":false,"_uag_custom_page_level_css":"","_monsterinsights_skip_tracking":false,"_monsterinsights_sitenote_active":false,"_monsterinsights_sitenote_note":"","_monsterinsights_sitenote_category":0,"_uf_show_specific_survey":0,"_uf_disable_surveys":false,"footnotes":""},"class_list":["post-7734","page","type-page","status-publish","hentry"],"acf":[],"aioseo_notices":[],"uagb_featured_image_src":{"full":false,"thumbnail":false,"medium":false,"medium_large":false,"large":false,"1536x1536":false,"2048x2048":false,"trp-custom-language-flag":false,"post-thumbnail":false,"nisarg-full-width":false,"sow-carousel-default":false},"uagb_author_info":{"display_name":"Ellen","author_link":"https:\/\/guideservice.dk\/en\/author\/ellensofie\/"},"uagb_comment_info":0,"uagb_excerpt":"Bliv stemmen, der v\u00e6kker historien til live \u2013 Bliv professionel guide G\u00f8r din viden om dit lokalomr\u00e5de til din levevej. Som guide er du brobyggeren mellem fortid og nutid, og du skaber oplevelser, g\u00e6sterne husker l\u00e6nge efter, de er kommet hjem. Det perfekte freelance-liv Guideuddannelsen er skr\u00e6ddersyet til dig, der \u00f8nsker et meningsfuldt og fleksibelt&hellip;","_links":{"self":[{"href":"https:\/\/guideservice.dk\/en\/wp-json\/wp\/v2\/pages\/7734","targetHints":{"allow":["GET"]}}],"collection":[{"href":"https:\/\/guideservice.dk\/en\/wp-json\/wp\/v2\/pages"}],"about":[{"href":"https:\/\/guideservice.dk\/en\/wp-json\/wp\/v2\/types\/page"}],"author":[{"embeddable":true,"href":"https:\/\/guideservice.dk\/en\/wp-json\/wp\/v2\/users\/218"}],"replies":[{"embeddable":true,"href":"https:\/\/guideservice.dk\/en\/wp-json\/wp\/v2\/comments?post=7734"}],"version-history":[{"count":40,"href":"https:\/\/guideservice.dk\/en\/wp-json\/wp\/v2\/pages\/7734\/revisions"}],"predecessor-version":[{"id":9810,"href":"https:\/\/guideservice.dk\/en\/wp-json\/wp\/v2\/pages\/7734\/revisions\/9810"}],"wp:attachment":[{"href":"https:\/\/guideservice.dk\/en\/wp-json\/wp\/v2\/media?parent=7734"}],"curies":[{"name":"wp","href":"https:\/\/api.w.org\/{rel}","templated":true}]}}