{"id":9085,"date":"2025-12-17T12:13:09","date_gmt":"2025-12-17T11:13:09","guid":{"rendered":"https:\/\/guideservice.dk\/?page_id=9085"},"modified":"2025-12-17T12:49:55","modified_gmt":"2025-12-17T11:49:55","slug":"guideservice-i-kerteminde","status":"publish","type":"page","link":"https:\/\/guideservice.dk\/en\/guideservice-i-kerteminde\/","title":{"rendered":"Guideservice in Kerteminde &amp; nearby"},"content":{"rendered":"<p><strong>Welcome to the charming, historic market town of Kerteminde, a gem by the Great Belt. Known for its picturesque harbor, red tiled roofs, and the iconic statue of Amanda, Kerteminde offers a wealth of experiences \u2013 from the dramatic tales of the Viking Age to the artistic legacy of the Funen painters.<\/strong><\/p>\n\n\n\r\n  \r\n      \r\n        \r\n            <? \/\/ List ?> \r\n\r\n                        <div>\r\n\r\n            \r\n            <div class=\"filter-container\" id=\"tourListOverview\">\r\n                <ul class=\"filter\">\r\n                  <li class=\"filter__item\">\r\n                    <input class=\"input\" id=\"tourInput\" type=\"search\" placeholder=\"Where do you want to go?\">\r\n                    <div class=\"btn\">\r\n                      <button class=\"btn__link\" data-uri=\"https:\/\/guideservice.dk\/wp-content\/themes\/nisarg-child\" data-locale=\"2\" data-endpoint=\"https:\/\/www.guideservicedanmark.dk\/custom\/0000000585\/api\/items\/?userKey=&#038;case=searchTour&#038;extraKeyword=visitkerteminde&#038;languageId=2\" id=\"tourSearch\">Search<\/button>\r\n                    <\/div>\r\n                  <\/li>\r\n                  <li class=\"filter__item filter__item--last\">\r\n                    <span>Sort:<\/span>\r\n                    <span>\r\n                      <select class=\"input\" id=\"tourSort\">\r\n                        <option value=\"\">Random<\/option>\r\n                        <option value=\"name\">Alfabetisk<\/option>\r\n                        <option value=\"video\">Video<\/option>\r\n                      <\/select>\r\n                    <\/span>\r\n                  <\/li>\r\n                <\/ul>\r\n              <\/div>\r\n\r\n              <ul id=\"tourList\" class=\"tour-container\" data-tag=\"visitkerteminde\">\r\n\r\n                \r\n                  \r\n                  <li class=\"tour-container__item tour-container__item--large\">\r\n                    <a class=\"tour\" href=\"https:\/\/guideservice.dk\/en\/tour\/guided-bicycle-ride-taste-the-hindsholm-peninsula-by-kerteminde\">\r\n                      <section class=\"tour__content\">\r\n\r\n                        <h2 class=\"tour__title tour__title--large\">Taste the Hindsholm Peninsula by Kerteminde<\/h2>\r\n\r\n                        <div class=\"tour__desc tour__desc--full\">\r\n                          <p><strong>Taste the Hindsholm Peninsula, near Kerteminde &#8211; an inspiring guided bike ride for you and your taste buds.<\/strong><\/p><p>Our bike ride begins in the charming coastal town of Kerteminde. From Kerteminde we follow a route which winds through the beautiful landscape of the Hindsholm Peninsula, a landscape full of local quality food producers, who are happy to invite us in, and proudly let us experience their local produce.&nbsp;<\/p><p>We cycle past farmers fields, beautiful forests, and along the route we pass historic village churches and picturesque farms that tell the rich history of Hindsholm. Along the route we add a little spice to the ride in the form of stories of interesting local legends and folklore.&nbsp;<\/p><p>We visit at local producers, where you will sample local Funen delicacies.&nbsp;<\/p><p>Experience Hindsholm&#39;s diversity on this unique guided bike tour, combining beautiful nature, cultural heritage and the flavour of Funen.&nbsp;<\/p>                        <\/div>\r\n\r\n                        <ul class=\"tour__langs\">\r\n                                                      <li>\r\n                              <button class=\"__gotoTourBtn\" href=\"https:\/\/guideservice.dk\/tur\/cykeltur-med-guide-smag-paa-halvoeen-hindsholm-ved-kerteminde#TRPLINKPROCESSED\">\r\n                                <img decoding=\"async\" title=\"Danish\" src=\"https:\/\/www.guideservicedanmark.dk\/grafik\/flag\/dk.gif\" alt=\"Danish\">\r\n                              <\/button>\r\n                            <\/li>\r\n                                                      <li>\r\n                              <button class=\"__gotoTourBtn\" href=\"https:\/\/guideservice.dk\/en\/tur\/guided-bicycle-ride-taste-the-hindsholm-peninsula-by-kerteminde#TRPLINKPROCESSED\">\r\n                                <img decoding=\"async\" title=\"English\" src=\"https:\/\/www.guideservicedanmark.dk\/grafik\/flag\/eng.gif\" alt=\"English\">\r\n                              <\/button>\r\n                            <\/li>\r\n                                                  <\/ul>\r\n\r\n                      <\/section>\r\n\r\n                      <figure class=\"tour__preview\">\r\n                        <img decoding=\"async\" onerror=\"this.src='https:\/\/guideservice.dk\/wp-content\/themes\/nisarg-child\/images\/gfx\/no-img-tour.png'\" src=\"https:\/\/www.guideservicedanmark.dk\/fil.asp?id=5859&#038;kode=325puJtjil&#038;imageResize=1&#038;size=600x600\" alt=\"\">\r\n                      <\/figure>\r\n\r\n                    <\/a>\r\n                  <\/li>\r\n\r\n                \r\n                  \r\n                  <li class=\"tour-container__item tour-container__item--small\">\r\n                    <a class=\"tour\" href=\"https:\/\/guideservice.dk\/en\/tour\/hindsholm-fyns-hoved-a-guided-tour-by-coach-and-on-foot\">\r\n                      <section class=\"tour__content\">\r\n\r\n                        <h2 class=\"tour__title\">Hindsholm &#8211; Fyns Hoved &#8211; a guided tour by coach and on foot<\/h2>\r\n\r\n                        <div class=\"tour__desc\">\r\n                          <p>A beautiful and exiting tour in a fantastic nature, not seen anywhere else in Denmark. Enjoy the(ghost)stories on the way.<\/p>                        <\/div>\r\n\r\n                        <ul class=\"tour__langs\">\r\n                                                      <li>\r\n                              <button class=\"__gotoTourBtn\" href=\"https:\/\/guideservice.dk\/tur\/guidet-tur-hindsholm-fyns-hoveds-skoenne-natur#TRPLINKPROCESSED\">\r\n                                <img decoding=\"async\" title=\"Danish\" src=\"https:\/\/www.guideservicedanmark.dk\/grafik\/flag\/dk.gif\" alt=\"Danish\">\r\n                              <\/button>\r\n                            <\/li>\r\n                                                      <li>\r\n                              <button class=\"__gotoTourBtn\" href=\"https:\/\/guideservice.dk\/en\/tur\/hindsholm-fyns-hoved-a-guided-tour-by-coach-and-on-foot#TRPLINKPROCESSED\">\r\n                                <img decoding=\"async\" title=\"English\" src=\"https:\/\/www.guideservicedanmark.dk\/grafik\/flag\/eng.gif\" alt=\"English\">\r\n                              <\/button>\r\n                            <\/li>\r\n                                                      <li>\r\n                              <button class=\"__gotoTourBtn\" href=\"https:\/\/guideservice.dk\/de\/tur\/hindsholm-und-fyns-hoved-mit-dem-bus-und-zu-fuss#TRPLINKPROCESSED\">\r\n                                <img decoding=\"async\" title=\"German\" src=\"https:\/\/www.guideservicedanmark.dk\/grafik\/flag\/de.gif\" alt=\"German\">\r\n                              <\/button>\r\n                            <\/li>\r\n                                                  <\/ul>\r\n\r\n                      <\/section>\r\n\r\n                      <figure class=\"tour__preview\">\r\n                        <img decoding=\"async\" onerror=\"this.src='https:\/\/guideservice.dk\/wp-content\/themes\/nisarg-child\/images\/gfx\/no-img-tour.png'\" src=\"https:\/\/www.guideservicedanmark.dk\/fil.asp?id=5897&#038;kode=TSWfkAi98a&#038;imageResize=1&#038;size=600x600\" alt=\"\">\r\n                      <\/figure>\r\n\r\n                    <\/a>\r\n                  <\/li>\r\n\r\n                \r\n                  \r\n                  <li class=\"tour-container__item tour-container__item--small tour-push\">\r\n                    <a class=\"tour\" href=\"https:\/\/guideservice.dk\/en\/tour\/guided-tour-sybergland-and-its-abundant-birdlife-the-paradise-of-the-funen-painters\">\r\n                      <section class=\"tour__content\">\r\n\r\n                        <h2 class=\"tour__title\">Sybergland and its abundant birdlife &#8211; the paradise of the Funen painters<\/h2>\r\n\r\n                        <div class=\"tour__desc\">\r\n                          <p>Guided nature walk in the re-established nature area, with an abundant birdlife and a rolling landscapes that inspired Fynbo Painters&nbsp; &nbsp;<\/p>                        <\/div>\r\n\r\n                        <ul class=\"tour__langs\">\r\n                                                      <li>\r\n                              <button class=\"__gotoTourBtn\" href=\"https:\/\/guideservice.dk\/tur\/guidet-tur-sybergland-og-det-rige-fugleliv-fynbomalernes-paradis#TRPLINKPROCESSED\">\r\n                                <img decoding=\"async\" title=\"Danish\" src=\"https:\/\/www.guideservicedanmark.dk\/grafik\/flag\/dk.gif\" alt=\"Danish\">\r\n                              <\/button>\r\n                            <\/li>\r\n                                                      <li>\r\n                              <button class=\"__gotoTourBtn\" href=\"https:\/\/guideservice.dk\/en\/tur\/guided-tour-sybergland-and-its-abundant-birdlife-the-paradise-of-the-funen-painters#TRPLINKPROCESSED\">\r\n                                <img decoding=\"async\" title=\"English\" src=\"https:\/\/www.guideservicedanmark.dk\/grafik\/flag\/eng.gif\" alt=\"English\">\r\n                              <\/button>\r\n                            <\/li>\r\n                                                  <\/ul>\r\n\r\n                      <\/section>\r\n\r\n                      <figure class=\"tour__preview\">\r\n                        <img decoding=\"async\" onerror=\"this.src='https:\/\/guideservice.dk\/wp-content\/themes\/nisarg-child\/images\/gfx\/no-img-tour.png'\" src=\"https:\/\/www.guideservicedanmark.dk\/fil.asp?id=5818&#038;kode=qptNR7QGFH&#038;imageResize=1&#038;size=600x600\" alt=\"\">\r\n                      <\/figure>\r\n\r\n                    <\/a>\r\n                  <\/li>\r\n\r\n                \r\n                  \r\n                  <li class=\"tour-container__item tour-container__item--small\">\r\n                    <a class=\"tour\" href=\"https:\/\/guideservice.dk\/en\/tour\/guided-tour-charming-kerteminde-a-journey-through-past-and-present\">\r\n                      <section class=\"tour__content\">\r\n\r\n                        <h2 class=\"tour__title\">Charming Kerteminde &#8211; a journey through past and present <\/h2>\r\n\r\n                        <div class=\"tour__desc\">\r\n                          <p>Guided tour in charming Kerteminde. Discover the fishing community in the past, to being a cultural gem on the coast of Funen today<\/p>                        <\/div>\r\n\r\n                        <ul class=\"tour__langs\">\r\n                                                      <li>\r\n                              <button class=\"__gotoTourBtn\" href=\"https:\/\/guideservice.dk\/tur\/byvandring-charmerende-kerteminde-en-rejse-gennem-tid-og-tradition#TRPLINKPROCESSED\">\r\n                                <img decoding=\"async\" title=\"Danish\" src=\"https:\/\/www.guideservicedanmark.dk\/grafik\/flag\/dk.gif\" alt=\"Danish\">\r\n                              <\/button>\r\n                            <\/li>\r\n                                                      <li>\r\n                              <button class=\"__gotoTourBtn\" href=\"https:\/\/guideservice.dk\/en\/tur\/guided-tour-charming-kerteminde-a-journey-through-past-and-present#TRPLINKPROCESSED\">\r\n                                <img decoding=\"async\" title=\"English\" src=\"https:\/\/www.guideservicedanmark.dk\/grafik\/flag\/eng.gif\" alt=\"English\">\r\n                              <\/button>\r\n                            <\/li>\r\n                                                      <li>\r\n                              <button class=\"__gotoTourBtn\" href=\"https:\/\/guideservice.dk\/de\/tur\/charmerende-kerteminde-en-rejse-gennem-tid-og-tradition#TRPLINKPROCESSED\">\r\n                                <img decoding=\"async\" title=\"German\" src=\"https:\/\/www.guideservicedanmark.dk\/grafik\/flag\/de.gif\" alt=\"German\">\r\n                              <\/button>\r\n                            <\/li>\r\n                                                  <\/ul>\r\n\r\n                      <\/section>\r\n\r\n                      <figure class=\"tour__preview\">\r\n                        <img decoding=\"async\" onerror=\"this.src='https:\/\/guideservice.dk\/wp-content\/themes\/nisarg-child\/images\/gfx\/no-img-tour.png'\" src=\"https:\/\/www.guideservicedanmark.dk\/fil.asp?id=5817&#038;kode=ihlEJZHyxz&#038;imageResize=1&#038;size=600x600\" alt=\"Kerteminde\">\r\n                      <\/figure>\r\n\r\n                    <\/a>\r\n                  <\/li>\r\n\r\n                              <\/ul>\r\n            <\/div>\r\n\r\n            \r\n          \r\n\r\n      \r\n    \r\n\r\n\n\n\n\n\n<h2 class=\"wp-block-heading\">Explore Kerteminde and Fyns Hoved with a local guide<\/h2>\n\n\n\n<p>There are many attractions in and around Kerteminde, and our guides are ready to create a memorable tour for you.<\/p>\n\n\n\n<p>Our guides are ready to craft an unforgettable experience for your group. Here is a selection of popular themes and destinations:<\/p>\n\n\n\n<ul class=\"wp-block-list\">\n<li>Historic City Walk: Follow in the footsteps of old merchants and fishermen. Discover the town\u2019s Renaissance harbor, the narrow streets with half-timbered houses, and the history of Kerteminde\u2019s market town status. And of course, meet Amanda \u2013 Kerteminde\u2019s famous fisher girl.<\/li>\n<\/ul>\n\n\n\n<ul class=\"wp-block-list\">\n<li>Wild Nature at Fyns Hoved: Join a guided hike to the northernmost tip of Hindsholm. Experience the unique Ice Age landscape, abundant birdlife, and enjoy the breathtaking views over the Great Belt.<\/li>\n<\/ul>\n\n\n\n<ul class=\"wp-block-list\">\n<li>Maritime Kerteminde: Explore life beneath the waves at the <strong><a href=\"https:\/\/fjordbaelt.dk\/\" target=\"_blank\" rel=\"noopener\" title=\"\">Fjord&amp;B\u00e6lt<\/a><\/strong>, focusing on porpoises and seals. Learn the history of the harbor, the fishing industry, and Kerteminde\u2019s close bond with the sea.<\/li>\n<\/ul>\n\n\n\n<ul class=\"wp-block-list\">\n<li>Viking age at <a href=\"https:\/\/vikingemuseetladby.dk\/\" target=\"_blank\" rel=\"noopener\" title=\"\"><strong>Ladbyskibet<\/strong><\/a>Get up close to Denmark\u2019s only preserved Viking ship burial. Hear fascinating stories about the Ladby King and his final journey, and gain insight into the power and rituals of the Viking Age on North Funen.<\/li>\n<\/ul>\n\n\n\n<h2 class=\"wp-block-heading\">Kerteminde has it all<\/h2>\n\n\n\n<p>Book one of our&nbsp;<strong><a href=\"https:\/\/guideservice.dk\/en\/guider-i-kerteminde\/\" title=\"\">guides in Kerteminde<\/a><\/strong>&nbsp;to learn about all the exciting sites in and around the town.<\/p>\n\n\n\n<p>Through Guideservice Danmark, you can book a local, experienced guide who knows the town\u2019s corners, stories, and hidden gems. Whether your group prefers lively city walks, nature hikes at Fyns Hoved, or an in-depth tour into the Viking Age at Ladbyskibet, we can tailor the perfect experience.<\/p>\n\n\n\n<p>Guideservice Danmark works closely with <strong><a href=\"https:\/\/www.visitkerteminde.dk\/kerteminde\" target=\"_blank\" rel=\"noopener\" title=\"\">VisitKerteminde<\/a><\/strong>You can also get assistance at the tourist office, where they are happy to provide more information about the options. You can always <strong><a href=\"https:\/\/guideservice.dk\/en\/contact\/\" title=\"\">contact us<\/a> <\/strong>at the Guideservice Danmark office \u2013 we love having conversations.<\/p>\n\n\n\n<p><strong>We warmly invite you to experience Kerteminde with Guideservice Danmark <strong>and our Kerteminde guide service. <\/strong>.<\/strong><\/p>","protected":false},"excerpt":{"rendered":"<p>Velkommen til den charmerende, historiske k\u00f8bstad Kerteminde, en perle ved Storeb\u00e6lt. Kendt for sin idylliske havn, de r\u00f8de tegltage og den ikoniske statue af Amanda, byder Kerteminde p\u00e5 en rigdom af oplevelser \u2013 fra vikingetidens dramatiske fort\u00e6llinger til de fynske maleres kunstneriske arv. Oplev Kerteminde og Fyns Hoved med en lokal guide Der er mange sev\u00e6rdigheder i og omkring Kerteminde, og vores guider st\u00e5r klar til at skabe en mindev\u00e6rdig tur. Vores guider st\u00e5r klar til at skabe en mindev\u00e6rdig&#8230;<\/p>\n<p class=\"read-more\"><a class=\"btn btn-default\" href=\"https:\/\/guideservice.dk\/en\/guideservice-i-kerteminde\/\"> Read More<span class=\"screen-reader-text\">  Read More<\/span><\/a><\/p>","protected":false},"author":314,"featured_media":0,"parent":0,"menu_order":0,"comment_status":"closed","ping_status":"closed","template":"template-parts\/tour-showTours.php","meta":{"om_disable_all_campaigns":false,"inline_featured_image":false,"_uag_custom_page_level_css":"","_monsterinsights_skip_tracking":false,"_monsterinsights_sitenote_active":false,"_monsterinsights_sitenote_note":"","_monsterinsights_sitenote_category":0,"_uf_show_specific_survey":0,"_uf_disable_surveys":false,"footnotes":""},"class_list":["post-9085","page","type-page","status-publish","hentry"],"acf":[],"aioseo_notices":[],"uagb_featured_image_src":{"full":false,"thumbnail":false,"medium":false,"medium_large":false,"large":false,"1536x1536":false,"2048x2048":false,"trp-custom-language-flag":false,"post-thumbnail":false,"nisarg-full-width":false,"sow-carousel-default":false},"uagb_author_info":{"display_name":"Kristina Borgen","author_link":"https:\/\/guideservice.dk\/en\/author\/kbpguideservicedanmark-dk\/"},"uagb_comment_info":0,"uagb_excerpt":"Velkommen til den charmerende, historiske k\u00f8bstad Kerteminde, en perle ved Storeb\u00e6lt. Kendt for sin idylliske havn, de r\u00f8de tegltage og den ikoniske statue af Amanda, byder Kerteminde p\u00e5 en rigdom af oplevelser \u2013 fra vikingetidens dramatiske fort\u00e6llinger til de fynske maleres kunstneriske arv. Oplev Kerteminde og Fyns Hoved med en lokal guide Der er mange&hellip;","_links":{"self":[{"href":"https:\/\/guideservice.dk\/en\/wp-json\/wp\/v2\/pages\/9085","targetHints":{"allow":["GET"]}}],"collection":[{"href":"https:\/\/guideservice.dk\/en\/wp-json\/wp\/v2\/pages"}],"about":[{"href":"https:\/\/guideservice.dk\/en\/wp-json\/wp\/v2\/types\/page"}],"author":[{"embeddable":true,"href":"https:\/\/guideservice.dk\/en\/wp-json\/wp\/v2\/users\/314"}],"replies":[{"embeddable":true,"href":"https:\/\/guideservice.dk\/en\/wp-json\/wp\/v2\/comments?post=9085"}],"version-history":[{"count":1,"href":"https:\/\/guideservice.dk\/en\/wp-json\/wp\/v2\/pages\/9085\/revisions"}],"predecessor-version":[{"id":9118,"href":"https:\/\/guideservice.dk\/en\/wp-json\/wp\/v2\/pages\/9085\/revisions\/9118"}],"wp:attachment":[{"href":"https:\/\/guideservice.dk\/en\/wp-json\/wp\/v2\/media?parent=9085"}],"curies":[{"name":"wp","href":"https:\/\/api.w.org\/{rel}","templated":true}]}}